{"id":89,"date":"2016-05-09T19:48:49","date_gmt":"2016-05-09T19:48:49","guid":{"rendered":"http:\/\/sintramem-sv.org.br\/sintramem\/?page_id=89"},"modified":"2023-08-22T19:26:28","modified_gmt":"2023-08-22T19:26:28","slug":"boletins","status":"publish","type":"page","link":"https:\/\/sintramem-sv.org.br\/sintramem\/multimidia\/boletins\/","title":{"rendered":"Informativos"},"content":{"rendered":"\n<p>Os informativos Sintramem \u00e9 mais uma ferramenta de comunica\u00e7\u00e3o, que visa transmitir informa\u00e7\u00f5es, not\u00edcias e comunicados a categoria de uma forma mais r\u00e1pida e din\u00e2mica. Distribu\u00edmos em toda rede de ensino em visitas realizadas nas escolas ao longo do ano. <\/p>\n\n\n<h2>&#x2714; 2023<\/h2>\n<p><a href=\"https:\/\/sintramem-sv.org.br\/sintramem\/wp-content\/uploads\/2023\/08\/DIARIO-DE-CLASSE-JUNHO-2023-ok.pdf\"><strong><span style=\"color: #ff0000;\">Junho &#8211; 2023<\/span><\/strong><\/a><\/p>\n<h2>&#x2714; 2022<\/h2>\n<p><strong><span style=\"color: #ff0000;\"><a style=\"color: #ff0000;\" href=\"https:\/\/sintramem-sv.org.br\/sintramem\/wp-content\/uploads\/2022\/10\/Boletim-Fevereiro-2022-Edicao-01.pdf\">Fevereiro 2022 &#8211; Ed. 01<\/a><br \/><\/span><span style=\"color: #ff0000;\"><a style=\"color: #ff0000;\" href=\"https:\/\/sintramem-sv.org.br\/sintramem\/wp-content\/uploads\/2022\/05\/BOLETIM-MARCO-2022.pdf\">Mar\u00e7o 2022 &#8211; Ed. 02<\/a><\/span><span style=\"color: #ff0000;\"><br \/><\/span><\/strong><a href=\"https:\/\/sintramem-sv.org.br\/sintramem\/wp-content\/uploads\/2022\/10\/Boletim-Maio-2022-Edicao-3.pdf\"><strong><span style=\"color: #ff0000;\">Maio 2022 &#8211; Ed. 03<\/span><\/strong><\/a><\/p>\n<h2>&#x2714; 2021<\/h2>\n<p><a href=\"https:\/\/sintramem-sv.org.br\/sintramem\/wp-content\/uploads\/2021\/09\/BOLETIM-1o-SEM.2021.pdf\"><strong><span style=\"color: #ff0000;\">Junho 2021 &#8211; Ed. 01<\/span><\/strong><\/a><\/p>\n<h2>&#x2714; 2019<\/h2>\n<p><strong><span style=\"color: #ff0000;\"><a style=\"color: #ff0000;\" href=\"https:\/\/sintramem-sv.org.br\/sintramem\/wp-content\/uploads\/2019\/11\/Boletim_Outubro-1.pdf\" target=\"_blank\" rel=\"noopener noreferrer\">Novembro 2019 &#8211; Ed. 04<\/a><\/span><\/strong><\/p>\n<p><strong><span style=\"color: #ff0000;\"><a style=\"color: #ff0000;\" href=\"https:\/\/sintramem-sv.org.br\/sintramem\/wp-content\/uploads\/2019\/08\/boletimAgosto2019.pdf\">Agosto 2019 &#8211; Ed. 03<\/a><\/span><\/strong><\/p>\n<p><strong><span style=\"color: #ff0000;\"><a style=\"color: #ff0000;\" href=\"https:\/\/sintramem-sv.org.br\/sintramem\/wp-content\/uploads\/2019\/08\/BoletimFolhaDupla.pdf\">Maio 2019 &#8211; Ed. 02<\/a><\/span><\/strong><\/p>\n<p><strong><a style=\"color: #ff0000;\" href=\"https:\/\/sintramem-sv.org.br\/sintramem\/wp-content\/uploads\/2023\/08\/JORNALAbril-2019.pdf\">Abril 2019 &#8211; Ed Especial<\/a><\/strong><\/p>\n<p><strong><span style=\"color: #ff0000;\"><a style=\"color: #ff0000;\" href=\"https:\/\/sintramem-sv.org.br\/sintramem\/wp-content\/uploads\/2019\/02\/BoletimFevereiro2019.pdf\">Fevereiro 2019 &#8211; Ed. 01<\/a><\/span><\/strong><\/p>\n<p>\u00a0<\/p>\n<h2><strong><span style=\"font-family: verdana, geneva, sans-serif;\">&#x2714; <\/span><\/strong>2018<\/h2>\n<p><strong><span style=\"color: #ff0000;\"><a style=\"color: #ff0000;\" href=\"https:\/\/sintramem-sv.org.br\/sintramem\/wp-content\/uploads\/2018\/12\/boletimDezembro.pdf\">Dezembro\u00a02018 &#8211; Ed. 07<\/a><\/span><\/strong><\/p>\n<p><strong><span style=\"color: #ff0000;\"><a style=\"color: #ff0000;\" href=\"https:\/\/sintramem-sv.org.br\/sintramem\/wp-content\/uploads\/2018\/09\/boletimSetembro.pdf\">Setembro 2018 &#8211; Ed. 06<\/a><\/span><\/strong><\/p>\n<p><strong><span style=\"color: #ff0000;\"><a style=\"color: #ff0000;\" href=\"https:\/\/sintramem-sv.org.br\/sintramem\/wp-content\/uploads\/2018\/08\/boletimAgosto.pdf\" target=\"_blank\" rel=\"noopener noreferrer\">Agosto 2018 &#8211; Ed. 05<\/a><\/span><\/strong><\/p>\n<p><strong><span style=\"color: #ff0000;\"><a style=\"color: #ff0000;\" href=\"https:\/\/sintramem-sv.org.br\/sintramem\/wp-content\/uploads\/2018\/07\/boletimJulho.pdf\">Julho 2018 &#8211; Ed. 0<\/a>4<\/span><\/strong><\/p>\n<p><strong><span style=\"color: #ff0000;\"><a style=\"color: #ff0000;\" href=\"https:\/\/sintramem-sv.org.br\/sintramem\/wp-content\/uploads\/2018\/06\/boletimJunho.pdf\">Junho\u00a02018 &#8211; Ed. 03<\/a><\/span><\/strong><\/p>\n<p><strong><a style=\"color: #ff0000;\" href=\"https:\/\/sintramem-sv.org.br\/sintramem\/wp-content\/uploads\/2023\/08\/JORNAL_MAIO_DIARIOdaCLASSE.pdf\">Maio 2018 &#8211; Ed. 01<\/a><\/strong><\/p>\n<p>\u00a0<\/p>\n<h2>&#x2714; 2017<\/h2>\n<p><strong><span style=\"color: #ff0000;\"><a style=\"color: #ff0000;\" href=\"https:\/\/sintramem-sv.org.br\/sintramem\/wp-content\/uploads\/2016\/05\/A-chamada-7.pdf\">Mar\u00e7o &#8211; 2017 &#8211; Ed. 07<\/a><\/span><\/strong><\/p>\n<p><strong><span style=\"color: #ff0000;\"><a style=\"color: #ff0000;\" href=\"https:\/\/sintramem-sv.org.br\/sintramem\/wp-content\/uploads\/2016\/05\/A-CHAMADA-06.jpg\">Mar\u00e7o 2017 &#8211; Ed. 0<\/a>6<\/span><\/strong><\/p>\n<p><strong><span style=\"color: #ff0000;\"><a style=\"color: #ff0000;\" href=\"https:\/\/sintramem-sv.org.br\/sintramem\/wp-content\/uploads\/2016\/05\/A-Chamada-especial-Previdencia-Completo-Ed-06-em-PDF.pdf\">Mar\u00e7o 2017 &#8211; Ed. Especial<\/a><\/span><\/strong><\/p>\n<p><strong><span style=\"color: #ff0000;\"><a style=\"color: #ff0000;\" href=\"https:\/\/sintramem-sv.org.br\/sintramem\/wp-content\/uploads\/2017\/03\/A-Chamada-05.png\">Mar\u00e7o 2017 &#8211; Ed. 05<\/a><\/span><\/strong><\/p>\n<p>\u00a0<\/p>\n<h2>&#x2714; 2016<a href=\"https:\/\/sintramem-sv.org.br\/sintramem\/wp-content\/uploads\/2017\/02\/Jornal-SINTRAMEM-Ed-Agosto-2016.pdf\"><br \/><\/a><\/h2>\n<p><strong><span style=\"color: #ff0000;\"><a style=\"color: #ff0000;\" href=\"https:\/\/sintramem-sv.org.br\/sintramem\/wp-content\/uploads\/2019\/08\/boletim-Set-2016.pdf\"> Setembro &#8211; 2016<\/a><br \/><a style=\"color: #ff0000;\" href=\"https:\/\/sintramem-sv.org.br\/sintramem\/wp-content\/uploads\/2023\/08\/Jornal-SINTRAMEM-Ed-Agosto-2016.pdf\">Agosto &#8211; 2016<\/a><br \/><a href=\"https:\/\/sintramem-sv.org.br\/sintramem\/wp-content\/uploads\/2023\/08\/Jornal-SINTRAMEM-Ed-Junho-2016-1.pdf\"><span style=\"color: #ff0000;\">Junho &#8211; 2016<\/span><\/a><\/span><\/strong><\/p>\n<p><strong><span style=\"color: #ff0000;\"><a style=\"color: #ff0000;\" href=\"https:\/\/sintramem-sv.org.br\/sintramem\/wp-content\/uploads\/2019\/08\/BoletimABRIL-2016.pdf\">Abril &#8211; 2016<\/a><br \/><a style=\"color: #ff0000;\" href=\"https:\/\/sintramem-sv.org.br\/sintramem\/wp-content\/uploads\/2023\/08\/Jornal-SINTRAMEM-Ed-marco-2016.pdf\">Mar\u00e7o &#8211; 2016<\/a><\/span><\/strong><\/p>\n\n\n<p>\u00a0<\/p>\n<p>\u00a0<\/p>\n","protected":false},"excerpt":{"rendered":"<p>Os informativos Sintramem \u00e9 mais uma ferramenta de comunica\u00e7\u00e3o, que visa transmitir informa\u00e7\u00f5es, not\u00edcias e comunicados a categoria de uma forma mais r\u00e1pida e din\u00e2mica. Distribu\u00edmos em toda rede de ensino em visitas realizadas nas escolas ao longo do ano. &#x2714; 2023 Junho &#8211; 2023 &#x2714; 2022 Fevereiro 2022 &#8211; Ed. 01Mar\u00e7o 2022 &#8211; Ed.&hellip;<\/p>\n","protected":false},"author":1,"featured_media":0,"parent":82,"menu_order":0,"comment_status":"closed","ping_status":"closed","template":"","meta":{"_monsterinsights_skip_tracking":false,"_monsterinsights_sitenote_active":false,"_monsterinsights_sitenote_note":"","_monsterinsights_sitenote_category":0,"footnotes":""},"class_list":["post-89","page","type-page","status-publish","hentry"],"yoast_head":"<!-- This site is optimized with the Yoast SEO plugin v27.0 - https:\/\/yoast.com\/product\/yoast-seo-wordpress\/ -->\n<title>Informativos - SINTRAMEM<\/title>\n<meta name=\"robots\" content=\"index, follow, max-snippet:-1, max-image-preview:large, max-video-preview:-1\" \/>\n<link rel=\"canonical\" href=\"https:\/\/sintramem-sv.org.br\/sintramem\/multimidia\/boletins\/\" \/>\n<meta property=\"og:locale\" content=\"pt_BR\" \/>\n<meta property=\"og:type\" content=\"article\" \/>\n<meta property=\"og:title\" content=\"Informativos - SINTRAMEM\" \/>\n<meta property=\"og:description\" content=\"Os informativos Sintramem \u00e9 mais uma ferramenta de comunica\u00e7\u00e3o, que visa transmitir informa\u00e7\u00f5es, not\u00edcias e comunicados a categoria de uma forma mais r\u00e1pida e din\u00e2mica. Distribu\u00edmos em toda rede de ensino em visitas realizadas nas escolas ao longo do ano. &#x2714; 2023 Junho &#8211; 2023 &#x2714; 2022 Fevereiro 2022 &#8211; Ed. 01Mar\u00e7o 2022 &#8211; Ed.&hellip;\" \/>\n<meta property=\"og:url\" content=\"https:\/\/sintramem-sv.org.br\/sintramem\/multimidia\/boletins\/\" \/>\n<meta property=\"og:site_name\" content=\"SINTRAMEM\" \/>\n<meta property=\"article:modified_time\" content=\"2023-08-22T19:26:28+00:00\" \/>\n<meta name=\"twitter:card\" content=\"summary_large_image\" \/>\n<meta name=\"twitter:label1\" content=\"Est. tempo de leitura\" \/>\n\t<meta name=\"twitter:data1\" content=\"1 minuto\" \/>\n<script type=\"application\/ld+json\" class=\"yoast-schema-graph\">{\"@context\":\"https:\/\/schema.org\",\"@graph\":[{\"@type\":\"WebPage\",\"@id\":\"https:\/\/sintramem-sv.org.br\/sintramem\/multimidia\/boletins\/\",\"url\":\"https:\/\/sintramem-sv.org.br\/sintramem\/multimidia\/boletins\/\",\"name\":\"Informativos - SINTRAMEM\",\"isPartOf\":{\"@id\":\"https:\/\/sintramem-sv.org.br\/sintramem\/#website\"},\"datePublished\":\"2016-05-09T19:48:49+00:00\",\"dateModified\":\"2023-08-22T19:26:28+00:00\",\"breadcrumb\":{\"@id\":\"https:\/\/sintramem-sv.org.br\/sintramem\/multimidia\/boletins\/#breadcrumb\"},\"inLanguage\":\"pt-BR\",\"potentialAction\":[{\"@type\":\"ReadAction\",\"target\":[\"https:\/\/sintramem-sv.org.br\/sintramem\/multimidia\/boletins\/\"]}]},{\"@type\":\"BreadcrumbList\",\"@id\":\"https:\/\/sintramem-sv.org.br\/sintramem\/multimidia\/boletins\/#breadcrumb\",\"itemListElement\":[{\"@type\":\"ListItem\",\"position\":1,\"name\":\"In\u00edcio\",\"item\":\"https:\/\/sintramem-sv.org.br\/sintramem\/\"},{\"@type\":\"ListItem\",\"position\":2,\"name\":\"Multim\u00eddia\",\"item\":\"https:\/\/sintramem-sv.org.br\/sintramem\/multimidia\/\"},{\"@type\":\"ListItem\",\"position\":3,\"name\":\"Informativos\"}]},{\"@type\":\"WebSite\",\"@id\":\"https:\/\/sintramem-sv.org.br\/sintramem\/#website\",\"url\":\"https:\/\/sintramem-sv.org.br\/sintramem\/\",\"name\":\"SINTRAMEM\",\"description\":\"Sindicato dos Trabalhadores no Magist\u00e9rio e na Educa\u00e7\u00e3o de S\u00e3o Vicente\",\"publisher\":{\"@id\":\"https:\/\/sintramem-sv.org.br\/sintramem\/#organization\"},\"potentialAction\":[{\"@type\":\"SearchAction\",\"target\":{\"@type\":\"EntryPoint\",\"urlTemplate\":\"https:\/\/sintramem-sv.org.br\/sintramem\/?s={search_term_string}\"},\"query-input\":{\"@type\":\"PropertyValueSpecification\",\"valueRequired\":true,\"valueName\":\"search_term_string\"}}],\"inLanguage\":\"pt-BR\"},{\"@type\":\"Organization\",\"@id\":\"https:\/\/sintramem-sv.org.br\/sintramem\/#organization\",\"name\":\"SINTRAMEM\",\"url\":\"https:\/\/sintramem-sv.org.br\/sintramem\/\",\"logo\":{\"@type\":\"ImageObject\",\"inLanguage\":\"pt-BR\",\"@id\":\"https:\/\/sintramem-sv.org.br\/sintramem\/#\/schema\/logo\/image\/\",\"url\":\"https:\/\/sintramem-sv.org.br\/sintramem\/wp-content\/uploads\/2017\/02\/SINTRAMEM-LOGO-OFICIAL-300x100-jpg.jpg\",\"contentUrl\":\"https:\/\/sintramem-sv.org.br\/sintramem\/wp-content\/uploads\/2017\/02\/SINTRAMEM-LOGO-OFICIAL-300x100-jpg.jpg\",\"width\":150,\"height\":150,\"caption\":\"SINTRAMEM\"},\"image\":{\"@id\":\"https:\/\/sintramem-sv.org.br\/sintramem\/#\/schema\/logo\/image\/\"}}]}<\/script>\n<!-- \/ Yoast SEO plugin. -->","yoast_head_json":{"title":"Informativos - SINTRAMEM","robots":{"index":"index","follow":"follow","max-snippet":"max-snippet:-1","max-image-preview":"max-image-preview:large","max-video-preview":"max-video-preview:-1"},"canonical":"https:\/\/sintramem-sv.org.br\/sintramem\/multimidia\/boletins\/","og_locale":"pt_BR","og_type":"article","og_title":"Informativos - SINTRAMEM","og_description":"Os informativos Sintramem \u00e9 mais uma ferramenta de comunica\u00e7\u00e3o, que visa transmitir informa\u00e7\u00f5es, not\u00edcias e comunicados a categoria de uma forma mais r\u00e1pida e din\u00e2mica. Distribu\u00edmos em toda rede de ensino em visitas realizadas nas escolas ao longo do ano. &#x2714; 2023 Junho &#8211; 2023 &#x2714; 2022 Fevereiro 2022 &#8211; Ed. 01Mar\u00e7o 2022 &#8211; Ed.&hellip;","og_url":"https:\/\/sintramem-sv.org.br\/sintramem\/multimidia\/boletins\/","og_site_name":"SINTRAMEM","article_modified_time":"2023-08-22T19:26:28+00:00","twitter_card":"summary_large_image","twitter_misc":{"Est. tempo de leitura":"1 minuto"},"schema":{"@context":"https:\/\/schema.org","@graph":[{"@type":"WebPage","@id":"https:\/\/sintramem-sv.org.br\/sintramem\/multimidia\/boletins\/","url":"https:\/\/sintramem-sv.org.br\/sintramem\/multimidia\/boletins\/","name":"Informativos - SINTRAMEM","isPartOf":{"@id":"https:\/\/sintramem-sv.org.br\/sintramem\/#website"},"datePublished":"2016-05-09T19:48:49+00:00","dateModified":"2023-08-22T19:26:28+00:00","breadcrumb":{"@id":"https:\/\/sintramem-sv.org.br\/sintramem\/multimidia\/boletins\/#breadcrumb"},"inLanguage":"pt-BR","potentialAction":[{"@type":"ReadAction","target":["https:\/\/sintramem-sv.org.br\/sintramem\/multimidia\/boletins\/"]}]},{"@type":"BreadcrumbList","@id":"https:\/\/sintramem-sv.org.br\/sintramem\/multimidia\/boletins\/#breadcrumb","itemListElement":[{"@type":"ListItem","position":1,"name":"In\u00edcio","item":"https:\/\/sintramem-sv.org.br\/sintramem\/"},{"@type":"ListItem","position":2,"name":"Multim\u00eddia","item":"https:\/\/sintramem-sv.org.br\/sintramem\/multimidia\/"},{"@type":"ListItem","position":3,"name":"Informativos"}]},{"@type":"WebSite","@id":"https:\/\/sintramem-sv.org.br\/sintramem\/#website","url":"https:\/\/sintramem-sv.org.br\/sintramem\/","name":"SINTRAMEM","description":"Sindicato dos Trabalhadores no Magist\u00e9rio e na Educa\u00e7\u00e3o de S\u00e3o Vicente","publisher":{"@id":"https:\/\/sintramem-sv.org.br\/sintramem\/#organization"},"potentialAction":[{"@type":"SearchAction","target":{"@type":"EntryPoint","urlTemplate":"https:\/\/sintramem-sv.org.br\/sintramem\/?s={search_term_string}"},"query-input":{"@type":"PropertyValueSpecification","valueRequired":true,"valueName":"search_term_string"}}],"inLanguage":"pt-BR"},{"@type":"Organization","@id":"https:\/\/sintramem-sv.org.br\/sintramem\/#organization","name":"SINTRAMEM","url":"https:\/\/sintramem-sv.org.br\/sintramem\/","logo":{"@type":"ImageObject","inLanguage":"pt-BR","@id":"https:\/\/sintramem-sv.org.br\/sintramem\/#\/schema\/logo\/image\/","url":"https:\/\/sintramem-sv.org.br\/sintramem\/wp-content\/uploads\/2017\/02\/SINTRAMEM-LOGO-OFICIAL-300x100-jpg.jpg","contentUrl":"https:\/\/sintramem-sv.org.br\/sintramem\/wp-content\/uploads\/2017\/02\/SINTRAMEM-LOGO-OFICIAL-300x100-jpg.jpg","width":150,"height":150,"caption":"SINTRAMEM"},"image":{"@id":"https:\/\/sintramem-sv.org.br\/sintramem\/#\/schema\/logo\/image\/"}}]}},"_links":{"self":[{"href":"https:\/\/sintramem-sv.org.br\/sintramem\/wp-json\/wp\/v2\/pages\/89","targetHints":{"allow":["GET"]}}],"collection":[{"href":"https:\/\/sintramem-sv.org.br\/sintramem\/wp-json\/wp\/v2\/pages"}],"about":[{"href":"https:\/\/sintramem-sv.org.br\/sintramem\/wp-json\/wp\/v2\/types\/page"}],"author":[{"embeddable":true,"href":"https:\/\/sintramem-sv.org.br\/sintramem\/wp-json\/wp\/v2\/users\/1"}],"replies":[{"embeddable":true,"href":"https:\/\/sintramem-sv.org.br\/sintramem\/wp-json\/wp\/v2\/comments?post=89"}],"version-history":[{"count":80,"href":"https:\/\/sintramem-sv.org.br\/sintramem\/wp-json\/wp\/v2\/pages\/89\/revisions"}],"predecessor-version":[{"id":7228,"href":"https:\/\/sintramem-sv.org.br\/sintramem\/wp-json\/wp\/v2\/pages\/89\/revisions\/7228"}],"up":[{"embeddable":true,"href":"https:\/\/sintramem-sv.org.br\/sintramem\/wp-json\/wp\/v2\/pages\/82"}],"wp:attachment":[{"href":"https:\/\/sintramem-sv.org.br\/sintramem\/wp-json\/wp\/v2\/media?parent=89"}],"curies":[{"name":"wp","href":"https:\/\/api.w.org\/{rel}","templated":true}]}}