{"id":58,"date":"2016-05-09T19:40:25","date_gmt":"2016-05-09T19:40:25","guid":{"rendered":"http:\/\/sintramem-sv.org.br\/sintramem\/?page_id=58"},"modified":"2026-03-05T12:48:36","modified_gmt":"2026-03-05T12:48:36","slug":"por-que-se-sindicalizar","status":"publish","type":"page","link":"https:\/\/sintramem-sv.org.br\/sintramem\/fique-socio\/por-que-se-sindicalizar\/","title":{"rendered":"Por que Sindicalizar-se?"},"content":{"rendered":"<h3 style=\"text-align: center;\"><span style=\"font-family: verdana, geneva, sans-serif; color: #ff0000;\"><b>COM VOC\u00ca <\/b><b>SOMOS MAIS FORTES!<\/b><\/span><\/h3>\n<p style=\"text-align: justify;\"><span style=\"font-family: verdana, geneva, sans-serif;\">A rede municipal j\u00e1 comprovou em muitas oportunidades a capacidade de negocia\u00e7\u00e3o e a efici\u00eancia das a\u00e7\u00f5es do SINTRAMEM. Talvez, esses resultados fa\u00e7am muitos acreditarem que o sucesso depende apenas e t\u00e3o somente do trabalho da diretoria.<\/span><\/p>\n<p style=\"text-align: justify;\"><span style=\"font-family: verdana, geneva, sans-serif;\">O maior desafio que temos \u00e9 fazer o trabalhador entender que um sindicato se faz forte quando a sua categoria \u00e9 filiada, participativa e toma as decis\u00f5es em assembl\u00e9ias e se sente respons\u00e1vel pelo resultado de suas campanhas.<\/span><\/p>\n<h4 style=\"text-align: center;\"><strong><span style=\"font-family: verdana, geneva, sans-serif;\">Por isso, voc\u00ea \u00e9 importante! <\/span><\/strong><\/h4>\n<h4 style=\"text-align: center;\"><strong><span style=\"font-family: verdana, geneva, sans-serif;\">Venha fazer parte desta organiza\u00e7\u00e3o e construir uma entidade cada vez mais forte!<\/span><\/strong><b><\/b><\/h4>\n<p><span style=\"font-size: 18pt; color: #ff0000;\"><strong>N\u00c3O FIQUE S\u00d3, FIQUE S\u00d3CIO! Sindicalize-se e fortale\u00e7a seu Sindicato na luta<\/strong><\/span><\/p>\n<p><span style=\"font-size: 18pt; color: #ff0000;\"><strong>JUNTE-SE A N\u00d3S! FORTALE\u00c7A ESSA LUTA!<\/strong><\/span><\/p>\n<p><iframe loading=\"lazy\" src=\"https:\/\/docs.google.com\/forms\/d\/e\/1FAIpQLSdP0uXkICRpdtuvfD77HBWcqbdBaazKvHTMvktn1XKcFZ03_A\/viewform?embedded=true\" width=\"640\" height=\"6215\" frameborder=\"0\" marginwidth=\"0\" marginheight=\"0\" data-mce-fragment=\"1\">Carregando\u2026<\/iframe><\/p>\n","protected":false},"excerpt":{"rendered":"<p>COM VOC\u00ca SOMOS MAIS FORTES! A rede municipal j\u00e1 comprovou em muitas oportunidades a capacidade de negocia\u00e7\u00e3o e a efici\u00eancia das a\u00e7\u00f5es do SINTRAMEM. Talvez, esses resultados fa\u00e7am muitos acreditarem que o sucesso depende apenas e t\u00e3o somente do trabalho da diretoria. O maior desafio que temos \u00e9 fazer o trabalhador entender que um sindicato&hellip;<\/p>\n","protected":false},"author":1,"featured_media":0,"parent":54,"menu_order":0,"comment_status":"closed","ping_status":"closed","template":"","meta":{"_monsterinsights_skip_tracking":false,"_monsterinsights_sitenote_active":false,"_monsterinsights_sitenote_note":"","_monsterinsights_sitenote_category":0,"footnotes":""},"class_list":["post-58","page","type-page","status-publish","hentry"],"yoast_head":"<!-- This site is optimized with the Yoast SEO plugin v27.0 - https:\/\/yoast.com\/product\/yoast-seo-wordpress\/ -->\n<title>Por que Sindicalizar-se? - SINTRAMEM<\/title>\n<meta name=\"robots\" content=\"index, follow, max-snippet:-1, max-image-preview:large, max-video-preview:-1\" \/>\n<link rel=\"canonical\" href=\"https:\/\/sintramem-sv.org.br\/sintramem\/fique-socio\/por-que-se-sindicalizar\/\" \/>\n<meta property=\"og:locale\" content=\"pt_BR\" \/>\n<meta property=\"og:type\" content=\"article\" \/>\n<meta property=\"og:title\" content=\"Por que Sindicalizar-se? - SINTRAMEM\" \/>\n<meta property=\"og:description\" content=\"COM VOC\u00ca SOMOS MAIS FORTES! A rede municipal j\u00e1 comprovou em muitas oportunidades a capacidade de negocia\u00e7\u00e3o e a efici\u00eancia das a\u00e7\u00f5es do SINTRAMEM. Talvez, esses resultados fa\u00e7am muitos acreditarem que o sucesso depende apenas e t\u00e3o somente do trabalho da diretoria. O maior desafio que temos \u00e9 fazer o trabalhador entender que um sindicato&hellip;\" \/>\n<meta property=\"og:url\" content=\"https:\/\/sintramem-sv.org.br\/sintramem\/fique-socio\/por-que-se-sindicalizar\/\" \/>\n<meta property=\"og:site_name\" content=\"SINTRAMEM\" \/>\n<meta property=\"article:modified_time\" content=\"2026-03-05T12:48:36+00:00\" \/>\n<meta name=\"twitter:card\" content=\"summary_large_image\" \/>\n<meta name=\"twitter:label1\" content=\"Est. tempo de leitura\" \/>\n\t<meta name=\"twitter:data1\" content=\"2 minutos\" \/>\n<script type=\"application\/ld+json\" class=\"yoast-schema-graph\">{\"@context\":\"https:\/\/schema.org\",\"@graph\":[{\"@type\":\"WebPage\",\"@id\":\"https:\/\/sintramem-sv.org.br\/sintramem\/fique-socio\/por-que-se-sindicalizar\/\",\"url\":\"https:\/\/sintramem-sv.org.br\/sintramem\/fique-socio\/por-que-se-sindicalizar\/\",\"name\":\"Por que Sindicalizar-se? - SINTRAMEM\",\"isPartOf\":{\"@id\":\"https:\/\/sintramem-sv.org.br\/sintramem\/#website\"},\"datePublished\":\"2016-05-09T19:40:25+00:00\",\"dateModified\":\"2026-03-05T12:48:36+00:00\",\"breadcrumb\":{\"@id\":\"https:\/\/sintramem-sv.org.br\/sintramem\/fique-socio\/por-que-se-sindicalizar\/#breadcrumb\"},\"inLanguage\":\"pt-BR\",\"potentialAction\":[{\"@type\":\"ReadAction\",\"target\":[\"https:\/\/sintramem-sv.org.br\/sintramem\/fique-socio\/por-que-se-sindicalizar\/\"]}]},{\"@type\":\"BreadcrumbList\",\"@id\":\"https:\/\/sintramem-sv.org.br\/sintramem\/fique-socio\/por-que-se-sindicalizar\/#breadcrumb\",\"itemListElement\":[{\"@type\":\"ListItem\",\"position\":1,\"name\":\"In\u00edcio\",\"item\":\"https:\/\/sintramem-sv.org.br\/sintramem\/\"},{\"@type\":\"ListItem\",\"position\":2,\"name\":\"Fique s\u00f3cio!\",\"item\":\"https:\/\/sintramem-sv.org.br\/sintramem\/fique-socio\/\"},{\"@type\":\"ListItem\",\"position\":3,\"name\":\"Por que Sindicalizar-se?\"}]},{\"@type\":\"WebSite\",\"@id\":\"https:\/\/sintramem-sv.org.br\/sintramem\/#website\",\"url\":\"https:\/\/sintramem-sv.org.br\/sintramem\/\",\"name\":\"SINTRAMEM\",\"description\":\"Sindicato dos Trabalhadores no Magist\u00e9rio e na Educa\u00e7\u00e3o de S\u00e3o Vicente\",\"publisher\":{\"@id\":\"https:\/\/sintramem-sv.org.br\/sintramem\/#organization\"},\"potentialAction\":[{\"@type\":\"SearchAction\",\"target\":{\"@type\":\"EntryPoint\",\"urlTemplate\":\"https:\/\/sintramem-sv.org.br\/sintramem\/?s={search_term_string}\"},\"query-input\":{\"@type\":\"PropertyValueSpecification\",\"valueRequired\":true,\"valueName\":\"search_term_string\"}}],\"inLanguage\":\"pt-BR\"},{\"@type\":\"Organization\",\"@id\":\"https:\/\/sintramem-sv.org.br\/sintramem\/#organization\",\"name\":\"SINTRAMEM\",\"url\":\"https:\/\/sintramem-sv.org.br\/sintramem\/\",\"logo\":{\"@type\":\"ImageObject\",\"inLanguage\":\"pt-BR\",\"@id\":\"https:\/\/sintramem-sv.org.br\/sintramem\/#\/schema\/logo\/image\/\",\"url\":\"https:\/\/sintramem-sv.org.br\/sintramem\/wp-content\/uploads\/2017\/02\/SINTRAMEM-LOGO-OFICIAL-300x100-jpg.jpg\",\"contentUrl\":\"https:\/\/sintramem-sv.org.br\/sintramem\/wp-content\/uploads\/2017\/02\/SINTRAMEM-LOGO-OFICIAL-300x100-jpg.jpg\",\"width\":150,\"height\":150,\"caption\":\"SINTRAMEM\"},\"image\":{\"@id\":\"https:\/\/sintramem-sv.org.br\/sintramem\/#\/schema\/logo\/image\/\"}}]}<\/script>\n<!-- \/ Yoast SEO plugin. -->","yoast_head_json":{"title":"Por que Sindicalizar-se? - SINTRAMEM","robots":{"index":"index","follow":"follow","max-snippet":"max-snippet:-1","max-image-preview":"max-image-preview:large","max-video-preview":"max-video-preview:-1"},"canonical":"https:\/\/sintramem-sv.org.br\/sintramem\/fique-socio\/por-que-se-sindicalizar\/","og_locale":"pt_BR","og_type":"article","og_title":"Por que Sindicalizar-se? - SINTRAMEM","og_description":"COM VOC\u00ca SOMOS MAIS FORTES! A rede municipal j\u00e1 comprovou em muitas oportunidades a capacidade de negocia\u00e7\u00e3o e a efici\u00eancia das a\u00e7\u00f5es do SINTRAMEM. Talvez, esses resultados fa\u00e7am muitos acreditarem que o sucesso depende apenas e t\u00e3o somente do trabalho da diretoria. O maior desafio que temos \u00e9 fazer o trabalhador entender que um sindicato&hellip;","og_url":"https:\/\/sintramem-sv.org.br\/sintramem\/fique-socio\/por-que-se-sindicalizar\/","og_site_name":"SINTRAMEM","article_modified_time":"2026-03-05T12:48:36+00:00","twitter_card":"summary_large_image","twitter_misc":{"Est. tempo de leitura":"2 minutos"},"schema":{"@context":"https:\/\/schema.org","@graph":[{"@type":"WebPage","@id":"https:\/\/sintramem-sv.org.br\/sintramem\/fique-socio\/por-que-se-sindicalizar\/","url":"https:\/\/sintramem-sv.org.br\/sintramem\/fique-socio\/por-que-se-sindicalizar\/","name":"Por que Sindicalizar-se? - SINTRAMEM","isPartOf":{"@id":"https:\/\/sintramem-sv.org.br\/sintramem\/#website"},"datePublished":"2016-05-09T19:40:25+00:00","dateModified":"2026-03-05T12:48:36+00:00","breadcrumb":{"@id":"https:\/\/sintramem-sv.org.br\/sintramem\/fique-socio\/por-que-se-sindicalizar\/#breadcrumb"},"inLanguage":"pt-BR","potentialAction":[{"@type":"ReadAction","target":["https:\/\/sintramem-sv.org.br\/sintramem\/fique-socio\/por-que-se-sindicalizar\/"]}]},{"@type":"BreadcrumbList","@id":"https:\/\/sintramem-sv.org.br\/sintramem\/fique-socio\/por-que-se-sindicalizar\/#breadcrumb","itemListElement":[{"@type":"ListItem","position":1,"name":"In\u00edcio","item":"https:\/\/sintramem-sv.org.br\/sintramem\/"},{"@type":"ListItem","position":2,"name":"Fique s\u00f3cio!","item":"https:\/\/sintramem-sv.org.br\/sintramem\/fique-socio\/"},{"@type":"ListItem","position":3,"name":"Por que Sindicalizar-se?"}]},{"@type":"WebSite","@id":"https:\/\/sintramem-sv.org.br\/sintramem\/#website","url":"https:\/\/sintramem-sv.org.br\/sintramem\/","name":"SINTRAMEM","description":"Sindicato dos Trabalhadores no Magist\u00e9rio e na Educa\u00e7\u00e3o de S\u00e3o Vicente","publisher":{"@id":"https:\/\/sintramem-sv.org.br\/sintramem\/#organization"},"potentialAction":[{"@type":"SearchAction","target":{"@type":"EntryPoint","urlTemplate":"https:\/\/sintramem-sv.org.br\/sintramem\/?s={search_term_string}"},"query-input":{"@type":"PropertyValueSpecification","valueRequired":true,"valueName":"search_term_string"}}],"inLanguage":"pt-BR"},{"@type":"Organization","@id":"https:\/\/sintramem-sv.org.br\/sintramem\/#organization","name":"SINTRAMEM","url":"https:\/\/sintramem-sv.org.br\/sintramem\/","logo":{"@type":"ImageObject","inLanguage":"pt-BR","@id":"https:\/\/sintramem-sv.org.br\/sintramem\/#\/schema\/logo\/image\/","url":"https:\/\/sintramem-sv.org.br\/sintramem\/wp-content\/uploads\/2017\/02\/SINTRAMEM-LOGO-OFICIAL-300x100-jpg.jpg","contentUrl":"https:\/\/sintramem-sv.org.br\/sintramem\/wp-content\/uploads\/2017\/02\/SINTRAMEM-LOGO-OFICIAL-300x100-jpg.jpg","width":150,"height":150,"caption":"SINTRAMEM"},"image":{"@id":"https:\/\/sintramem-sv.org.br\/sintramem\/#\/schema\/logo\/image\/"}}]}},"_links":{"self":[{"href":"https:\/\/sintramem-sv.org.br\/sintramem\/wp-json\/wp\/v2\/pages\/58","targetHints":{"allow":["GET"]}}],"collection":[{"href":"https:\/\/sintramem-sv.org.br\/sintramem\/wp-json\/wp\/v2\/pages"}],"about":[{"href":"https:\/\/sintramem-sv.org.br\/sintramem\/wp-json\/wp\/v2\/types\/page"}],"author":[{"embeddable":true,"href":"https:\/\/sintramem-sv.org.br\/sintramem\/wp-json\/wp\/v2\/users\/1"}],"replies":[{"embeddable":true,"href":"https:\/\/sintramem-sv.org.br\/sintramem\/wp-json\/wp\/v2\/comments?post=58"}],"version-history":[{"count":12,"href":"https:\/\/sintramem-sv.org.br\/sintramem\/wp-json\/wp\/v2\/pages\/58\/revisions"}],"predecessor-version":[{"id":9616,"href":"https:\/\/sintramem-sv.org.br\/sintramem\/wp-json\/wp\/v2\/pages\/58\/revisions\/9616"}],"up":[{"embeddable":true,"href":"https:\/\/sintramem-sv.org.br\/sintramem\/wp-json\/wp\/v2\/pages\/54"}],"wp:attachment":[{"href":"https:\/\/sintramem-sv.org.br\/sintramem\/wp-json\/wp\/v2\/media?parent=58"}],"curies":[{"name":"wp","href":"https:\/\/api.w.org\/{rel}","templated":true}]}}