{"id":417,"date":"2016-06-07T17:54:58","date_gmt":"2016-06-07T17:54:58","guid":{"rendered":"http:\/\/sintramem-sv.org.br\/sintramem\/?page_id=417"},"modified":"2024-04-15T18:40:15","modified_gmt":"2024-04-15T18:40:15","slug":"leis","status":"publish","type":"page","link":"https:\/\/sintramem-sv.org.br\/sintramem\/sintramem\/legislacao\/leis\/","title":{"rendered":"Legisla\u00e7\u00e3o Federal"},"content":{"rendered":"<p style=\"text-align: center;\"><strong><span style=\"color: #000000;\">1 &#8211; LEI QUE REGULAMENTA O FUNDEB.<\/span><\/strong><\/p>\n<p style=\"text-align: center;\"><strong><a href=\"http:\/\/www.planalto.gov.br\/ccivil_03\/_Ato2019-2022\/2020\/Lei\/L14113.htm\">LEI N\u00ba 14.113, DE 25 DE DEZEMBRO DE 2020 (clique aqui)<\/a><\/strong><\/p>\n<p style=\"text-align: center;\"><strong><a href=\"http:\/\/www.planalto.gov.br\/ccivil_03\/constituicao\/emendas\/emc\/emc108.htm\">EMENDA CONSTITUCIONAL N\u00ba 108, DE 26 DE AGOSTO DE 2020 (clique aqui)<\/a><\/strong><\/p>\n<p style=\"text-align: center;\"><strong><a href=\"http:\/\/www.planalto.gov.br\/ccivil_03\/_ato2007-2010\/2007\/lei\/l11494.htm\">LEI N\u00ba 11.494, DE 20 DE JUNHO DE 2007 <\/a><a href=\"http:\/\/www.planalto.gov.br\/ccivil_03\/_ato2007-2010\/2007\/lei\/l11494.htm\">(clique aqui)<\/a><\/strong><\/p>\n<p style=\"text-align: center;\"><strong><a href=\"https:\/\/sintramem-sv.org.br\/sintramem\/wp-content\/uploads\/2016\/06\/CARTILHA-FUNDEB-PERGUNTAS-FREQUENTES.pdf\">CARTILHA FUNDEB &#8211; PERGUNTAS FREQUENTES <\/a><a href=\"https:\/\/sintramem-sv.org.br\/sintramem\/wp-content\/uploads\/2016\/06\/CARTILHA-FUNDEB-PERGUNTAS-FREQUENTES.pdf\">(clique a<\/a><a href=\"https:\/\/sintramem-sv.org.br\/sintramem\/wp-content\/uploads\/2016\/06\/CARTILHA-FUNDEB-PERGUNTAS-FREQUENTES.pdf\">qui)<\/a><\/strong><\/p>\n<p style=\"text-align: center;\"><strong><a href=\"https:\/\/sintramem-sv.org.br\/sintramem\/wp-content\/uploads\/2016\/05\/FUNDEB.pdf\">ENTENDA O FUNDEB <\/a><a href=\"https:\/\/sintramem-sv.org.br\/sintramem\/wp-content\/uploads\/2016\/05\/FUNDEB.pdf\">(clique aqui)<\/a><\/strong><\/p>\n<p style=\"text-align: center;\"><strong><span style=\"color: #000000;\">2 &#8211; LEI DE DIRETRIZES E BASES DA EDUCA\u00c7\u00c3O NACIONAL.<\/span><\/strong><\/p>\n<p style=\"text-align: center;\"><strong><a href=\"http:\/\/www.planalto.gov.br\/ccivil_03\/leis\/L9394.htm\">LEI N\u00ba 9.394, DE 20 DE DEZEMBRO DE 1996 L.D.B. <\/a><a href=\"http:\/\/www.planalto.gov.br\/ccivil_03\/leis\/L9394.htm\">(clique aqui)<\/a><\/strong><\/p>\n<p style=\"text-align: center;\"><strong><span style=\"color: #000000;\">3 &#8211; LEI DE RESPONSABILIDADE FISCAL.<\/span><\/strong><\/p>\n<p style=\"text-align: center;\"><strong><a href=\"http:\/\/www.planalto.gov.br\/ccivil_03\/leis\/LCP\/Lcp101.htm\">LEI DE RESPONSABILIDADE FISCAL <\/a><a href=\"http:\/\/www.planalto.gov.br\/ccivil_03\/leis\/LCP\/Lcp101.htm\">(clique aqui)<\/a><\/strong><\/p>\n<p style=\"text-align: center;\"><strong><span style=\"color: #000000;\">4 &#8211; CONSTITUI\u00c7\u00c3O FEDERAL.<\/span><\/strong><\/p>\n<p style=\"text-align: center;\"><strong><a href=\"http:\/\/www.planalto.gov.br\/ccivil_03\/constituicao\/constituicao.htm\">CONSTITUI\u00c7\u00c3O DA REP\u00daBLICA FEDERATIVA DO BRASIL DE 1988 <\/a><a href=\"http:\/\/www.planalto.gov.br\/ccivil_03\/constituicao\/constituicao.htm\">(clique aqui)<\/a><\/strong><\/p>\n<p style=\"text-align: center;\"><strong>5 &#8211; LEI QUE RETIRA BENEFICIOS DO FUNCIONALISMO DURANTE A PANDEMIA<\/strong><\/p>\n<p style=\"text-align: center;\"><strong><a href=\"http:\/\/www.planalto.gov.br\/ccivil_03\/leis\/lcp\/lcp173.htm\">LEI COMPLEMENTAR N\u00ba 173, DE 27 DE MAIO DE 2020 (clique aqui)<\/a><\/strong><br \/><br \/><strong>6 &#8211; ESTABELECE DIRETRIZES PARA A VALORIZA\u00c7\u00c3O DOS PROFISSIONAIS DA EDUCA\u00c7\u00c3O ESCOLAR B\u00c1SICA P\u00daBLICA<\/strong><strong><small><br \/><\/small><small><a href=\"https:\/\/sintramem-sv.org.br\/sintramem\/wp-content\/uploads\/2024\/04\/LEI-No-14.817-DE-16-DE-JANEIRO-DE-2024-Estabelece-diretrizes-para-a-valorizacao-dos-profissionais-da-educacao-escolar-basica-publica.pdf\">LEI N\u00ba 14.817, DE 16 DE JANEIRO DE 2024<\/a><\/small><\/strong><\/p>\n\n","protected":false},"excerpt":{"rendered":"<p>1 &#8211; LEI QUE REGULAMENTA O FUNDEB. LEI N\u00ba 14.113, DE 25 DE DEZEMBRO DE 2020 (clique aqui) EMENDA CONSTITUCIONAL N\u00ba 108, DE 26 DE AGOSTO DE 2020 (clique aqui) LEI N\u00ba 11.494, DE 20 DE JUNHO DE 2007 (clique aqui) CARTILHA FUNDEB &#8211; PERGUNTAS FREQUENTES (clique aqui) ENTENDA O FUNDEB (clique aqui) 2 &#8211;&hellip;<\/p>\n","protected":false},"author":1,"featured_media":0,"parent":186,"menu_order":0,"comment_status":"closed","ping_status":"closed","template":"","meta":{"_monsterinsights_skip_tracking":false,"_monsterinsights_sitenote_active":false,"_monsterinsights_sitenote_note":"","_monsterinsights_sitenote_category":0,"footnotes":""},"class_list":["post-417","page","type-page","status-publish","hentry"],"yoast_head":"<!-- This site is optimized with the Yoast SEO plugin v27.0 - https:\/\/yoast.com\/product\/yoast-seo-wordpress\/ -->\n<title>Legisla\u00e7\u00e3o Federal - SINTRAMEM<\/title>\n<meta name=\"robots\" content=\"index, follow, max-snippet:-1, max-image-preview:large, max-video-preview:-1\" \/>\n<link rel=\"canonical\" href=\"https:\/\/sintramem-sv.org.br\/sintramem\/sintramem\/legislacao\/leis\/\" \/>\n<meta property=\"og:locale\" content=\"pt_BR\" \/>\n<meta property=\"og:type\" content=\"article\" \/>\n<meta property=\"og:title\" content=\"Legisla\u00e7\u00e3o Federal - SINTRAMEM\" \/>\n<meta property=\"og:description\" content=\"1 &#8211; LEI QUE REGULAMENTA O FUNDEB. LEI N\u00ba 14.113, DE 25 DE DEZEMBRO DE 2020 (clique aqui) EMENDA CONSTITUCIONAL N\u00ba 108, DE 26 DE AGOSTO DE 2020 (clique aqui) LEI N\u00ba 11.494, DE 20 DE JUNHO DE 2007 (clique aqui) CARTILHA FUNDEB &#8211; PERGUNTAS FREQUENTES (clique aqui) ENTENDA O FUNDEB (clique aqui) 2 &#8211;&hellip;\" \/>\n<meta property=\"og:url\" content=\"https:\/\/sintramem-sv.org.br\/sintramem\/sintramem\/legislacao\/leis\/\" \/>\n<meta property=\"og:site_name\" content=\"SINTRAMEM\" \/>\n<meta property=\"article:modified_time\" content=\"2024-04-15T18:40:15+00:00\" \/>\n<meta name=\"twitter:card\" content=\"summary_large_image\" \/>\n<meta name=\"twitter:label1\" content=\"Est. tempo de leitura\" \/>\n\t<meta name=\"twitter:data1\" content=\"1 minuto\" \/>\n<script type=\"application\/ld+json\" class=\"yoast-schema-graph\">{\"@context\":\"https:\/\/schema.org\",\"@graph\":[{\"@type\":\"WebPage\",\"@id\":\"https:\/\/sintramem-sv.org.br\/sintramem\/sintramem\/legislacao\/leis\/\",\"url\":\"https:\/\/sintramem-sv.org.br\/sintramem\/sintramem\/legislacao\/leis\/\",\"name\":\"Legisla\u00e7\u00e3o Federal - SINTRAMEM\",\"isPartOf\":{\"@id\":\"https:\/\/sintramem-sv.org.br\/sintramem\/#website\"},\"datePublished\":\"2016-06-07T17:54:58+00:00\",\"dateModified\":\"2024-04-15T18:40:15+00:00\",\"breadcrumb\":{\"@id\":\"https:\/\/sintramem-sv.org.br\/sintramem\/sintramem\/legislacao\/leis\/#breadcrumb\"},\"inLanguage\":\"pt-BR\",\"potentialAction\":[{\"@type\":\"ReadAction\",\"target\":[\"https:\/\/sintramem-sv.org.br\/sintramem\/sintramem\/legislacao\/leis\/\"]}]},{\"@type\":\"BreadcrumbList\",\"@id\":\"https:\/\/sintramem-sv.org.br\/sintramem\/sintramem\/legislacao\/leis\/#breadcrumb\",\"itemListElement\":[{\"@type\":\"ListItem\",\"position\":1,\"name\":\"In\u00edcio\",\"item\":\"https:\/\/sintramem-sv.org.br\/sintramem\/\"},{\"@type\":\"ListItem\",\"position\":2,\"name\":\"INSTITUCIONAL\",\"item\":\"https:\/\/sintramem-sv.org.br\/sintramem\/sintramem\/\"},{\"@type\":\"ListItem\",\"position\":3,\"name\":\"Legisla\u00e7\u00e3o\",\"item\":\"https:\/\/sintramem-sv.org.br\/sintramem\/sintramem\/legislacao\/\"},{\"@type\":\"ListItem\",\"position\":4,\"name\":\"Legisla\u00e7\u00e3o Federal\"}]},{\"@type\":\"WebSite\",\"@id\":\"https:\/\/sintramem-sv.org.br\/sintramem\/#website\",\"url\":\"https:\/\/sintramem-sv.org.br\/sintramem\/\",\"name\":\"SINTRAMEM\",\"description\":\"Sindicato dos Trabalhadores no Magist\u00e9rio e na Educa\u00e7\u00e3o de S\u00e3o Vicente\",\"publisher\":{\"@id\":\"https:\/\/sintramem-sv.org.br\/sintramem\/#organization\"},\"potentialAction\":[{\"@type\":\"SearchAction\",\"target\":{\"@type\":\"EntryPoint\",\"urlTemplate\":\"https:\/\/sintramem-sv.org.br\/sintramem\/?s={search_term_string}\"},\"query-input\":{\"@type\":\"PropertyValueSpecification\",\"valueRequired\":true,\"valueName\":\"search_term_string\"}}],\"inLanguage\":\"pt-BR\"},{\"@type\":\"Organization\",\"@id\":\"https:\/\/sintramem-sv.org.br\/sintramem\/#organization\",\"name\":\"SINTRAMEM\",\"url\":\"https:\/\/sintramem-sv.org.br\/sintramem\/\",\"logo\":{\"@type\":\"ImageObject\",\"inLanguage\":\"pt-BR\",\"@id\":\"https:\/\/sintramem-sv.org.br\/sintramem\/#\/schema\/logo\/image\/\",\"url\":\"https:\/\/sintramem-sv.org.br\/sintramem\/wp-content\/uploads\/2017\/02\/SINTRAMEM-LOGO-OFICIAL-300x100-jpg.jpg\",\"contentUrl\":\"https:\/\/sintramem-sv.org.br\/sintramem\/wp-content\/uploads\/2017\/02\/SINTRAMEM-LOGO-OFICIAL-300x100-jpg.jpg\",\"width\":150,\"height\":150,\"caption\":\"SINTRAMEM\"},\"image\":{\"@id\":\"https:\/\/sintramem-sv.org.br\/sintramem\/#\/schema\/logo\/image\/\"}}]}<\/script>\n<!-- \/ Yoast SEO plugin. -->","yoast_head_json":{"title":"Legisla\u00e7\u00e3o Federal - SINTRAMEM","robots":{"index":"index","follow":"follow","max-snippet":"max-snippet:-1","max-image-preview":"max-image-preview:large","max-video-preview":"max-video-preview:-1"},"canonical":"https:\/\/sintramem-sv.org.br\/sintramem\/sintramem\/legislacao\/leis\/","og_locale":"pt_BR","og_type":"article","og_title":"Legisla\u00e7\u00e3o Federal - SINTRAMEM","og_description":"1 &#8211; LEI QUE REGULAMENTA O FUNDEB. LEI N\u00ba 14.113, DE 25 DE DEZEMBRO DE 2020 (clique aqui) EMENDA CONSTITUCIONAL N\u00ba 108, DE 26 DE AGOSTO DE 2020 (clique aqui) LEI N\u00ba 11.494, DE 20 DE JUNHO DE 2007 (clique aqui) CARTILHA FUNDEB &#8211; PERGUNTAS FREQUENTES (clique aqui) ENTENDA O FUNDEB (clique aqui) 2 &#8211;&hellip;","og_url":"https:\/\/sintramem-sv.org.br\/sintramem\/sintramem\/legislacao\/leis\/","og_site_name":"SINTRAMEM","article_modified_time":"2024-04-15T18:40:15+00:00","twitter_card":"summary_large_image","twitter_misc":{"Est. tempo de leitura":"1 minuto"},"schema":{"@context":"https:\/\/schema.org","@graph":[{"@type":"WebPage","@id":"https:\/\/sintramem-sv.org.br\/sintramem\/sintramem\/legislacao\/leis\/","url":"https:\/\/sintramem-sv.org.br\/sintramem\/sintramem\/legislacao\/leis\/","name":"Legisla\u00e7\u00e3o Federal - SINTRAMEM","isPartOf":{"@id":"https:\/\/sintramem-sv.org.br\/sintramem\/#website"},"datePublished":"2016-06-07T17:54:58+00:00","dateModified":"2024-04-15T18:40:15+00:00","breadcrumb":{"@id":"https:\/\/sintramem-sv.org.br\/sintramem\/sintramem\/legislacao\/leis\/#breadcrumb"},"inLanguage":"pt-BR","potentialAction":[{"@type":"ReadAction","target":["https:\/\/sintramem-sv.org.br\/sintramem\/sintramem\/legislacao\/leis\/"]}]},{"@type":"BreadcrumbList","@id":"https:\/\/sintramem-sv.org.br\/sintramem\/sintramem\/legislacao\/leis\/#breadcrumb","itemListElement":[{"@type":"ListItem","position":1,"name":"In\u00edcio","item":"https:\/\/sintramem-sv.org.br\/sintramem\/"},{"@type":"ListItem","position":2,"name":"INSTITUCIONAL","item":"https:\/\/sintramem-sv.org.br\/sintramem\/sintramem\/"},{"@type":"ListItem","position":3,"name":"Legisla\u00e7\u00e3o","item":"https:\/\/sintramem-sv.org.br\/sintramem\/sintramem\/legislacao\/"},{"@type":"ListItem","position":4,"name":"Legisla\u00e7\u00e3o Federal"}]},{"@type":"WebSite","@id":"https:\/\/sintramem-sv.org.br\/sintramem\/#website","url":"https:\/\/sintramem-sv.org.br\/sintramem\/","name":"SINTRAMEM","description":"Sindicato dos Trabalhadores no Magist\u00e9rio e na Educa\u00e7\u00e3o de S\u00e3o Vicente","publisher":{"@id":"https:\/\/sintramem-sv.org.br\/sintramem\/#organization"},"potentialAction":[{"@type":"SearchAction","target":{"@type":"EntryPoint","urlTemplate":"https:\/\/sintramem-sv.org.br\/sintramem\/?s={search_term_string}"},"query-input":{"@type":"PropertyValueSpecification","valueRequired":true,"valueName":"search_term_string"}}],"inLanguage":"pt-BR"},{"@type":"Organization","@id":"https:\/\/sintramem-sv.org.br\/sintramem\/#organization","name":"SINTRAMEM","url":"https:\/\/sintramem-sv.org.br\/sintramem\/","logo":{"@type":"ImageObject","inLanguage":"pt-BR","@id":"https:\/\/sintramem-sv.org.br\/sintramem\/#\/schema\/logo\/image\/","url":"https:\/\/sintramem-sv.org.br\/sintramem\/wp-content\/uploads\/2017\/02\/SINTRAMEM-LOGO-OFICIAL-300x100-jpg.jpg","contentUrl":"https:\/\/sintramem-sv.org.br\/sintramem\/wp-content\/uploads\/2017\/02\/SINTRAMEM-LOGO-OFICIAL-300x100-jpg.jpg","width":150,"height":150,"caption":"SINTRAMEM"},"image":{"@id":"https:\/\/sintramem-sv.org.br\/sintramem\/#\/schema\/logo\/image\/"}}]}},"_links":{"self":[{"href":"https:\/\/sintramem-sv.org.br\/sintramem\/wp-json\/wp\/v2\/pages\/417","targetHints":{"allow":["GET"]}}],"collection":[{"href":"https:\/\/sintramem-sv.org.br\/sintramem\/wp-json\/wp\/v2\/pages"}],"about":[{"href":"https:\/\/sintramem-sv.org.br\/sintramem\/wp-json\/wp\/v2\/types\/page"}],"author":[{"embeddable":true,"href":"https:\/\/sintramem-sv.org.br\/sintramem\/wp-json\/wp\/v2\/users\/1"}],"replies":[{"embeddable":true,"href":"https:\/\/sintramem-sv.org.br\/sintramem\/wp-json\/wp\/v2\/comments?post=417"}],"version-history":[{"count":37,"href":"https:\/\/sintramem-sv.org.br\/sintramem\/wp-json\/wp\/v2\/pages\/417\/revisions"}],"predecessor-version":[{"id":7360,"href":"https:\/\/sintramem-sv.org.br\/sintramem\/wp-json\/wp\/v2\/pages\/417\/revisions\/7360"}],"up":[{"embeddable":true,"href":"https:\/\/sintramem-sv.org.br\/sintramem\/wp-json\/wp\/v2\/pages\/186"}],"wp:attachment":[{"href":"https:\/\/sintramem-sv.org.br\/sintramem\/wp-json\/wp\/v2\/media?parent=417"}],"curies":[{"name":"wp","href":"https:\/\/api.w.org\/{rel}","templated":true}]}}