{"id":3219,"date":"2018-09-28T14:43:15","date_gmt":"2018-09-28T14:43:15","guid":{"rendered":"http:\/\/sintramem-sv.org.br\/sintramem\/?page_id=3219"},"modified":"2023-08-22T13:29:14","modified_gmt":"2023-08-22T13:29:14","slug":"atribuicao-20182019","status":"publish","type":"page","link":"https:\/\/sintramem-sv.org.br\/sintramem\/sintramem\/legislacao\/atribuicao-20182019\/","title":{"rendered":"ATRIBUI\u00c7\u00d5ES"},"content":{"rendered":"\n<div class=\"wp-block-group\"><div class=\"wp-block-group__inner-container is-layout-flow wp-block-group-is-layout-flow\">\n<h5 style=\"text-align: center;\"><strong><span style=\"color: #000080;\">ATRIBUI\u00c7\u00c3O 2023\/2024<br \/><br \/><a href=\"https:\/\/sintramem-sv.org.br\/sintramem\/wp-content\/uploads\/2023\/08\/Portaria-No-65_2023-SEDUC_SV-Dispoe-sobre-o-Processo-de-Atribuicao-2023_2024.pdf\"><span style=\"text-decoration: underline;\"><span style=\"color: #ff0000; text-decoration: underline;\">ATRIBUI\u00c7\u00c3O DE CLASSES\/AULAS 2023\/2024 (clique aqui)<\/span><\/span><\/a><br \/><a href=\"https:\/\/sintramem-sv.org.br\/sintramem\/wp-content\/uploads\/2023\/08\/Cronograma-1a-ETAPA-titulos-e-inscricoes-Processo-de-Atribuicao-2023-_-2024.pdf\"><span style=\"text-decoration: underline;\"><span style=\"color: #ff0000; text-decoration: underline;\">CRONOGRAMA 2023\/2024 (clique aqui)<\/span><\/span><\/a><br \/><br \/>ATRIBUI\u00c7\u00c3O 2022\/2023<\/span><\/strong><\/h5>\n<h5 style=\"text-align: center;\"><span style=\"color: #ff0000;\"><strong><a style=\"color: #ff0000;\" href=\"https:\/\/sintramem-sv.org.br\/sintramem\/wp-content\/uploads\/2022\/08\/ATRIBUICAO-DE-CLASSESAULAS-2022.2023.pdf\">ATRIBUI\u00c7\u00c3O DE CLASSES\/AULAS 2022\/2023 (clique aqui)<\/a><br \/><\/strong><a style=\"color: #ff0000;\" href=\"https:\/\/sintramem-sv.org.br\/sintramem\/wp-content\/uploads\/2022\/08\/CRONOGRAMA-ATRIBUICAO-2022.2023.pdf\"><strong>CRONOGRAMA 2022\/2023 (clique aqui)<\/strong><\/a><\/span><\/h5>\n<h5 style=\"text-align: center;\"><strong><span style=\"color: #000080;\"><br \/>ATRIBUI\u00c7\u00c3O 2021\/2022<\/span><\/strong><\/h5>\n<h5 style=\"text-align: center;\"><strong><span style=\"color: #ff0000;\"><a style=\"color: #ff0000;\" href=\"https:\/\/sintramem-sv.org.br\/sintramem\/wp-content\/uploads\/2021\/11\/DECRETO-5658-A-ATRIBUICAO-2021-2022.pdf\">ATRIBUI\u00c7\u00c3O DE CLASSES\/AULAS 2021\/2022 (clique aqui)<\/a><\/span><\/strong><br \/><a href=\"https:\/\/sintramem-sv.org.br\/sintramem\/wp-content\/uploads\/2021\/11\/CRONOGRAMA-DO-PROCESSO-DE-CLASSIF.-E-ATRIB.-2021.2022.pdf\"><span style=\"color: #ff0000;\"><strong>CRONOGRAMA 2021\/2022 (clique aqui)<\/strong><\/span><\/a><br \/><strong><span style=\"text-decoration: underline;\"><br \/><\/span><span style=\"color: #000080;\"><br \/>ATRIBUI\u00c7\u00c3O 2020\/2021<\/span><span style=\"color: #000080;\">\u00a0<\/span><\/strong><\/h5>\n<h5 style=\"text-align: center;\"><strong><a href=\"https:\/\/sintramem-sv.org.br\/sintramem\/wp-content\/uploads\/2021\/09\/ATRIBUICAO-2020-2021.pdf\"><span style=\"color: #ff0000;\">ATRIBUI\u00c7\u00c3O DE CLASSES\/AULAS 2020\/2021 <\/span><\/a><a style=\"color: #ff0000;\" href=\"https:\/\/sintramem-sv.org.br\/sintramem\/wp-content\/uploads\/2021\/09\/ATRIBUICAO-2021-2022.pdf\">(clique aqui)<\/a><\/strong><\/h5>\n<h5 style=\"text-align: center;\"><strong><a href=\"https:\/\/sintramem-sv.org.br\/sintramem\/wp-content\/uploads\/2021\/09\/CRONOGRAMA-2020-2021.pdf\"><span style=\"color: #ff0000;\">CRONOGRAMA 2020\/2021 <\/span><\/a><a style=\"color: #ff0000;\" href=\"https:\/\/sintramem-sv.org.br\/sintramem\/wp-content\/uploads\/2021\/09\/ATRIBUICAO-2021-2022.pdf\">(clique aqui)<\/a><\/strong><\/h5>\n<h5 style=\"text-align: center;\"><strong><span style=\"color: #000080;\"><br \/>ATRIBUI\u00c7\u00c3O 2019\/2020<\/span><\/strong><\/h5>\n<h5 style=\"text-align: center;\"><strong><a href=\"https:\/\/sintramem-sv.org.br\/sintramem\/wp-content\/uploads\/2021\/09\/ATRIBUICAO-2019-2020.pdf\"><span style=\"color: #ff0000;\">ATRIBUI\u00c7\u00c3O DE CLASSES\/AULAS 2019\/2020 <\/span><\/a><a style=\"color: #ff0000;\" href=\"https:\/\/sintramem-sv.org.br\/sintramem\/wp-content\/uploads\/2021\/09\/ATRIBUICAO-2021-2022.pdf\">(clique aqui)<\/a><\/strong><\/h5>\n<h5 style=\"text-align: center;\"><strong><a href=\"https:\/\/sintramem-sv.org.br\/sintramem\/wp-content\/uploads\/2021\/09\/CRONOGRAMA-2019-2020.pdf\"><span style=\"color: #ff0000;\">CRONOGRAMA 2019\/2020 <\/span><\/a><a style=\"color: #ff0000;\" href=\"https:\/\/sintramem-sv.org.br\/sintramem\/wp-content\/uploads\/2021\/09\/ATRIBUICAO-2021-2022.pdf\">(clique aqui)<\/a><\/strong><\/h5>\n<h5 style=\"text-align: center;\"><strong><span style=\"color: #000080;\"><br \/>ATRIBUI\u00c7\u00c3O 2018\/2019<\/span><\/strong><\/h5>\n<h5 style=\"text-align: center;\"><strong><span style=\"color: #ff0000;\"><a style=\"color: #ff0000;\" href=\"https:\/\/sintramem-sv.org.br\/sintramem\/wp-content\/uploads\/2018\/09\/DECRETO-4848.pdf\">ATRIBUI\u00c7\u00c3O DE CLASSES\/AULAS 2018\/2019 <\/a><a style=\"color: #ff0000;\" href=\"https:\/\/sintramem-sv.org.br\/sintramem\/wp-content\/uploads\/2021\/09\/ATRIBUICAO-2021-2022.pdf\">(clique aqui)<\/a><\/span><\/strong><\/h5>\n<h5 style=\"text-align: center;\"><strong><span style=\"color: #ff0000;\"><a style=\"color: #ff0000;\" href=\"https:\/\/sintramem-sv.org.br\/sintramem\/wp-content\/uploads\/2018\/09\/CRONOGRAMA.pdf\">CRONOGRAMA 2018\/2019 <\/a><a style=\"color: #ff0000;\" href=\"https:\/\/sintramem-sv.org.br\/sintramem\/wp-content\/uploads\/2021\/09\/ATRIBUICAO-2021-2022.pdf\">(clique aqui)<\/a><\/span><\/strong><\/h5>\n\n\n<\/div><\/div>\n\n\n","protected":false},"excerpt":{"rendered":"<p>ATRIBUI\u00c7\u00c3O 2023\/2024 ATRIBUI\u00c7\u00c3O DE CLASSES\/AULAS 2023\/2024 (clique aqui)CRONOGRAMA 2023\/2024 (clique aqui) ATRIBUI\u00c7\u00c3O 2022\/2023 ATRIBUI\u00c7\u00c3O DE CLASSES\/AULAS 2022\/2023 (clique aqui)CRONOGRAMA 2022\/2023 (clique aqui) ATRIBUI\u00c7\u00c3O 2021\/2022 ATRIBUI\u00c7\u00c3O DE CLASSES\/AULAS 2021\/2022 (clique aqui)CRONOGRAMA 2021\/2022 (clique aqui)ATRIBUI\u00c7\u00c3O 2020\/2021\u00a0 ATRIBUI\u00c7\u00c3O DE CLASSES\/AULAS 2020\/2021 (clique aqui) CRONOGRAMA 2020\/2021 (clique aqui) ATRIBUI\u00c7\u00c3O 2019\/2020 ATRIBUI\u00c7\u00c3O DE CLASSES\/AULAS 2019\/2020 (clique aqui) CRONOGRAMA 2019\/2020 (clique&hellip;<\/p>\n","protected":false},"author":1,"featured_media":0,"parent":186,"menu_order":0,"comment_status":"closed","ping_status":"closed","template":"","meta":{"_monsterinsights_skip_tracking":false,"_monsterinsights_sitenote_active":false,"_monsterinsights_sitenote_note":"","_monsterinsights_sitenote_category":0,"footnotes":""},"class_list":["post-3219","page","type-page","status-publish","hentry"],"yoast_head":"<!-- This site is optimized with the Yoast SEO plugin v27.0 - https:\/\/yoast.com\/product\/yoast-seo-wordpress\/ -->\n<title>ATRIBUI\u00c7\u00d5ES - SINTRAMEM<\/title>\n<meta name=\"robots\" content=\"index, follow, max-snippet:-1, max-image-preview:large, max-video-preview:-1\" \/>\n<link rel=\"canonical\" href=\"https:\/\/sintramem-sv.org.br\/sintramem\/sintramem\/legislacao\/atribuicao-20182019\/\" \/>\n<meta property=\"og:locale\" content=\"pt_BR\" \/>\n<meta property=\"og:type\" content=\"article\" \/>\n<meta property=\"og:title\" content=\"ATRIBUI\u00c7\u00d5ES - SINTRAMEM\" \/>\n<meta property=\"og:description\" content=\"ATRIBUI\u00c7\u00c3O 2023\/2024 ATRIBUI\u00c7\u00c3O DE CLASSES\/AULAS 2023\/2024 (clique aqui)CRONOGRAMA 2023\/2024 (clique aqui) ATRIBUI\u00c7\u00c3O 2022\/2023 ATRIBUI\u00c7\u00c3O DE CLASSES\/AULAS 2022\/2023 (clique aqui)CRONOGRAMA 2022\/2023 (clique aqui) ATRIBUI\u00c7\u00c3O 2021\/2022 ATRIBUI\u00c7\u00c3O DE CLASSES\/AULAS 2021\/2022 (clique aqui)CRONOGRAMA 2021\/2022 (clique aqui)ATRIBUI\u00c7\u00c3O 2020\/2021\u00a0 ATRIBUI\u00c7\u00c3O DE CLASSES\/AULAS 2020\/2021 (clique aqui) CRONOGRAMA 2020\/2021 (clique aqui) ATRIBUI\u00c7\u00c3O 2019\/2020 ATRIBUI\u00c7\u00c3O DE CLASSES\/AULAS 2019\/2020 (clique aqui) CRONOGRAMA 2019\/2020 (clique&hellip;\" \/>\n<meta property=\"og:url\" content=\"https:\/\/sintramem-sv.org.br\/sintramem\/sintramem\/legislacao\/atribuicao-20182019\/\" \/>\n<meta property=\"og:site_name\" content=\"SINTRAMEM\" \/>\n<meta property=\"article:modified_time\" content=\"2023-08-22T13:29:14+00:00\" \/>\n<meta name=\"twitter:card\" content=\"summary_large_image\" \/>\n<script type=\"application\/ld+json\" class=\"yoast-schema-graph\">{\"@context\":\"https:\/\/schema.org\",\"@graph\":[{\"@type\":\"WebPage\",\"@id\":\"https:\/\/sintramem-sv.org.br\/sintramem\/sintramem\/legislacao\/atribuicao-20182019\/\",\"url\":\"https:\/\/sintramem-sv.org.br\/sintramem\/sintramem\/legislacao\/atribuicao-20182019\/\",\"name\":\"ATRIBUI\u00c7\u00d5ES - SINTRAMEM\",\"isPartOf\":{\"@id\":\"https:\/\/sintramem-sv.org.br\/sintramem\/#website\"},\"datePublished\":\"2018-09-28T14:43:15+00:00\",\"dateModified\":\"2023-08-22T13:29:14+00:00\",\"breadcrumb\":{\"@id\":\"https:\/\/sintramem-sv.org.br\/sintramem\/sintramem\/legislacao\/atribuicao-20182019\/#breadcrumb\"},\"inLanguage\":\"pt-BR\",\"potentialAction\":[{\"@type\":\"ReadAction\",\"target\":[\"https:\/\/sintramem-sv.org.br\/sintramem\/sintramem\/legislacao\/atribuicao-20182019\/\"]}]},{\"@type\":\"BreadcrumbList\",\"@id\":\"https:\/\/sintramem-sv.org.br\/sintramem\/sintramem\/legislacao\/atribuicao-20182019\/#breadcrumb\",\"itemListElement\":[{\"@type\":\"ListItem\",\"position\":1,\"name\":\"In\u00edcio\",\"item\":\"https:\/\/sintramem-sv.org.br\/sintramem\/\"},{\"@type\":\"ListItem\",\"position\":2,\"name\":\"INSTITUCIONAL\",\"item\":\"https:\/\/sintramem-sv.org.br\/sintramem\/sintramem\/\"},{\"@type\":\"ListItem\",\"position\":3,\"name\":\"Legisla\u00e7\u00e3o\",\"item\":\"https:\/\/sintramem-sv.org.br\/sintramem\/sintramem\/legislacao\/\"},{\"@type\":\"ListItem\",\"position\":4,\"name\":\"ATRIBUI\u00c7\u00d5ES\"}]},{\"@type\":\"WebSite\",\"@id\":\"https:\/\/sintramem-sv.org.br\/sintramem\/#website\",\"url\":\"https:\/\/sintramem-sv.org.br\/sintramem\/\",\"name\":\"SINTRAMEM\",\"description\":\"Sindicato dos Trabalhadores no Magist\u00e9rio e na Educa\u00e7\u00e3o de S\u00e3o Vicente\",\"publisher\":{\"@id\":\"https:\/\/sintramem-sv.org.br\/sintramem\/#organization\"},\"potentialAction\":[{\"@type\":\"SearchAction\",\"target\":{\"@type\":\"EntryPoint\",\"urlTemplate\":\"https:\/\/sintramem-sv.org.br\/sintramem\/?s={search_term_string}\"},\"query-input\":{\"@type\":\"PropertyValueSpecification\",\"valueRequired\":true,\"valueName\":\"search_term_string\"}}],\"inLanguage\":\"pt-BR\"},{\"@type\":\"Organization\",\"@id\":\"https:\/\/sintramem-sv.org.br\/sintramem\/#organization\",\"name\":\"SINTRAMEM\",\"url\":\"https:\/\/sintramem-sv.org.br\/sintramem\/\",\"logo\":{\"@type\":\"ImageObject\",\"inLanguage\":\"pt-BR\",\"@id\":\"https:\/\/sintramem-sv.org.br\/sintramem\/#\/schema\/logo\/image\/\",\"url\":\"https:\/\/sintramem-sv.org.br\/sintramem\/wp-content\/uploads\/2017\/02\/SINTRAMEM-LOGO-OFICIAL-300x100-jpg.jpg\",\"contentUrl\":\"https:\/\/sintramem-sv.org.br\/sintramem\/wp-content\/uploads\/2017\/02\/SINTRAMEM-LOGO-OFICIAL-300x100-jpg.jpg\",\"width\":150,\"height\":150,\"caption\":\"SINTRAMEM\"},\"image\":{\"@id\":\"https:\/\/sintramem-sv.org.br\/sintramem\/#\/schema\/logo\/image\/\"}}]}<\/script>\n<!-- \/ Yoast SEO plugin. -->","yoast_head_json":{"title":"ATRIBUI\u00c7\u00d5ES - SINTRAMEM","robots":{"index":"index","follow":"follow","max-snippet":"max-snippet:-1","max-image-preview":"max-image-preview:large","max-video-preview":"max-video-preview:-1"},"canonical":"https:\/\/sintramem-sv.org.br\/sintramem\/sintramem\/legislacao\/atribuicao-20182019\/","og_locale":"pt_BR","og_type":"article","og_title":"ATRIBUI\u00c7\u00d5ES - SINTRAMEM","og_description":"ATRIBUI\u00c7\u00c3O 2023\/2024 ATRIBUI\u00c7\u00c3O DE CLASSES\/AULAS 2023\/2024 (clique aqui)CRONOGRAMA 2023\/2024 (clique aqui) ATRIBUI\u00c7\u00c3O 2022\/2023 ATRIBUI\u00c7\u00c3O DE CLASSES\/AULAS 2022\/2023 (clique aqui)CRONOGRAMA 2022\/2023 (clique aqui) ATRIBUI\u00c7\u00c3O 2021\/2022 ATRIBUI\u00c7\u00c3O DE CLASSES\/AULAS 2021\/2022 (clique aqui)CRONOGRAMA 2021\/2022 (clique aqui)ATRIBUI\u00c7\u00c3O 2020\/2021\u00a0 ATRIBUI\u00c7\u00c3O DE CLASSES\/AULAS 2020\/2021 (clique aqui) CRONOGRAMA 2020\/2021 (clique aqui) ATRIBUI\u00c7\u00c3O 2019\/2020 ATRIBUI\u00c7\u00c3O DE CLASSES\/AULAS 2019\/2020 (clique aqui) CRONOGRAMA 2019\/2020 (clique&hellip;","og_url":"https:\/\/sintramem-sv.org.br\/sintramem\/sintramem\/legislacao\/atribuicao-20182019\/","og_site_name":"SINTRAMEM","article_modified_time":"2023-08-22T13:29:14+00:00","twitter_card":"summary_large_image","schema":{"@context":"https:\/\/schema.org","@graph":[{"@type":"WebPage","@id":"https:\/\/sintramem-sv.org.br\/sintramem\/sintramem\/legislacao\/atribuicao-20182019\/","url":"https:\/\/sintramem-sv.org.br\/sintramem\/sintramem\/legislacao\/atribuicao-20182019\/","name":"ATRIBUI\u00c7\u00d5ES - SINTRAMEM","isPartOf":{"@id":"https:\/\/sintramem-sv.org.br\/sintramem\/#website"},"datePublished":"2018-09-28T14:43:15+00:00","dateModified":"2023-08-22T13:29:14+00:00","breadcrumb":{"@id":"https:\/\/sintramem-sv.org.br\/sintramem\/sintramem\/legislacao\/atribuicao-20182019\/#breadcrumb"},"inLanguage":"pt-BR","potentialAction":[{"@type":"ReadAction","target":["https:\/\/sintramem-sv.org.br\/sintramem\/sintramem\/legislacao\/atribuicao-20182019\/"]}]},{"@type":"BreadcrumbList","@id":"https:\/\/sintramem-sv.org.br\/sintramem\/sintramem\/legislacao\/atribuicao-20182019\/#breadcrumb","itemListElement":[{"@type":"ListItem","position":1,"name":"In\u00edcio","item":"https:\/\/sintramem-sv.org.br\/sintramem\/"},{"@type":"ListItem","position":2,"name":"INSTITUCIONAL","item":"https:\/\/sintramem-sv.org.br\/sintramem\/sintramem\/"},{"@type":"ListItem","position":3,"name":"Legisla\u00e7\u00e3o","item":"https:\/\/sintramem-sv.org.br\/sintramem\/sintramem\/legislacao\/"},{"@type":"ListItem","position":4,"name":"ATRIBUI\u00c7\u00d5ES"}]},{"@type":"WebSite","@id":"https:\/\/sintramem-sv.org.br\/sintramem\/#website","url":"https:\/\/sintramem-sv.org.br\/sintramem\/","name":"SINTRAMEM","description":"Sindicato dos Trabalhadores no Magist\u00e9rio e na Educa\u00e7\u00e3o de S\u00e3o Vicente","publisher":{"@id":"https:\/\/sintramem-sv.org.br\/sintramem\/#organization"},"potentialAction":[{"@type":"SearchAction","target":{"@type":"EntryPoint","urlTemplate":"https:\/\/sintramem-sv.org.br\/sintramem\/?s={search_term_string}"},"query-input":{"@type":"PropertyValueSpecification","valueRequired":true,"valueName":"search_term_string"}}],"inLanguage":"pt-BR"},{"@type":"Organization","@id":"https:\/\/sintramem-sv.org.br\/sintramem\/#organization","name":"SINTRAMEM","url":"https:\/\/sintramem-sv.org.br\/sintramem\/","logo":{"@type":"ImageObject","inLanguage":"pt-BR","@id":"https:\/\/sintramem-sv.org.br\/sintramem\/#\/schema\/logo\/image\/","url":"https:\/\/sintramem-sv.org.br\/sintramem\/wp-content\/uploads\/2017\/02\/SINTRAMEM-LOGO-OFICIAL-300x100-jpg.jpg","contentUrl":"https:\/\/sintramem-sv.org.br\/sintramem\/wp-content\/uploads\/2017\/02\/SINTRAMEM-LOGO-OFICIAL-300x100-jpg.jpg","width":150,"height":150,"caption":"SINTRAMEM"},"image":{"@id":"https:\/\/sintramem-sv.org.br\/sintramem\/#\/schema\/logo\/image\/"}}]}},"_links":{"self":[{"href":"https:\/\/sintramem-sv.org.br\/sintramem\/wp-json\/wp\/v2\/pages\/3219","targetHints":{"allow":["GET"]}}],"collection":[{"href":"https:\/\/sintramem-sv.org.br\/sintramem\/wp-json\/wp\/v2\/pages"}],"about":[{"href":"https:\/\/sintramem-sv.org.br\/sintramem\/wp-json\/wp\/v2\/types\/page"}],"author":[{"embeddable":true,"href":"https:\/\/sintramem-sv.org.br\/sintramem\/wp-json\/wp\/v2\/users\/1"}],"replies":[{"embeddable":true,"href":"https:\/\/sintramem-sv.org.br\/sintramem\/wp-json\/wp\/v2\/comments?post=3219"}],"version-history":[{"count":31,"href":"https:\/\/sintramem-sv.org.br\/sintramem\/wp-json\/wp\/v2\/pages\/3219\/revisions"}],"predecessor-version":[{"id":7204,"href":"https:\/\/sintramem-sv.org.br\/sintramem\/wp-json\/wp\/v2\/pages\/3219\/revisions\/7204"}],"up":[{"embeddable":true,"href":"https:\/\/sintramem-sv.org.br\/sintramem\/wp-json\/wp\/v2\/pages\/186"}],"wp:attachment":[{"href":"https:\/\/sintramem-sv.org.br\/sintramem\/wp-json\/wp\/v2\/media?parent=3219"}],"curies":[{"name":"wp","href":"https:\/\/api.w.org\/{rel}","templated":true}]}}