{"id":1883,"date":"2017-06-07T18:17:39","date_gmt":"2017-06-07T18:17:39","guid":{"rendered":"http:\/\/sintramem-sv.org.br\/sintramem\/?page_id=1883"},"modified":"2026-02-25T18:08:10","modified_gmt":"2026-02-25T18:08:10","slug":"academia","status":"publish","type":"page","link":"https:\/\/sintramem-sv.org.br\/sintramem\/convenios\/academia\/","title":{"rendered":"Conv\u00eanios"},"content":{"rendered":"<h4 style=\"text-align: center;\">Ao tornar-se associado, voc\u00ea conta com servi\u00e7os, benef\u00edcios e vantagens especiais que contribuem para a sua qualidade de vida e facilitam seu dia a dia.<\/h4>\r\n<h2 class=\"has-text-align-center\"><span style=\"color: #0000ff;\"><strong><span style=\"color: #ff0000;\">Conhe\u00e7a nossos conv\u00eanios oferecidos aos associados:<\/span><\/strong><\/span><\/h2>\r\n<p><img loading=\"lazy\" decoding=\"async\" class=\"aligncenter wp-image-7428 size-full\" src=\"https:\/\/sintramem-sv.org.br\/sintramem\/wp-content\/uploads\/2024\/08\/1.png\" alt=\"\" width=\"1414\" height=\"2000\" srcset=\"https:\/\/sintramem-sv.org.br\/sintramem\/wp-content\/uploads\/2024\/08\/1.png 1414w, https:\/\/sintramem-sv.org.br\/sintramem\/wp-content\/uploads\/2024\/08\/1-212x300.png 212w, https:\/\/sintramem-sv.org.br\/sintramem\/wp-content\/uploads\/2024\/08\/1-724x1024.png 724w, https:\/\/sintramem-sv.org.br\/sintramem\/wp-content\/uploads\/2024\/08\/1-768x1086.png 768w, https:\/\/sintramem-sv.org.br\/sintramem\/wp-content\/uploads\/2024\/08\/1-1086x1536.png 1086w\" sizes=\"auto, (max-width: 1414px) 100vw, 1414px\" \/><\/p>\r\n<p><img loading=\"lazy\" decoding=\"async\" class=\"aligncenter size-full wp-image-9530\" src=\"https:\/\/sintramem-sv.org.br\/sintramem\/wp-content\/uploads\/2026\/02\/parceiros.png\" alt=\"\" width=\"1120\" height=\"1582\" srcset=\"https:\/\/sintramem-sv.org.br\/sintramem\/wp-content\/uploads\/2026\/02\/parceiros.png 1120w, https:\/\/sintramem-sv.org.br\/sintramem\/wp-content\/uploads\/2026\/02\/parceiros-212x300.png 212w, https:\/\/sintramem-sv.org.br\/sintramem\/wp-content\/uploads\/2026\/02\/parceiros-725x1024.png 725w, https:\/\/sintramem-sv.org.br\/sintramem\/wp-content\/uploads\/2026\/02\/parceiros-768x1085.png 768w, https:\/\/sintramem-sv.org.br\/sintramem\/wp-content\/uploads\/2026\/02\/parceiros-1087x1536.png 1087w\" sizes=\"auto, (max-width: 1120px) 100vw, 1120px\" \/><\/p>\r\n","protected":false},"excerpt":{"rendered":"<p>Ao tornar-se associado, voc\u00ea conta com servi\u00e7os, benef\u00edcios e vantagens especiais que contribuem para a sua qualidade de vida e facilitam seu dia a dia. Conhe\u00e7a nossos conv\u00eanios oferecidos aos associados:<\/p>\n","protected":false},"author":1,"featured_media":0,"parent":91,"menu_order":0,"comment_status":"closed","ping_status":"closed","template":"","meta":{"_monsterinsights_skip_tracking":false,"_monsterinsights_sitenote_active":false,"_monsterinsights_sitenote_note":"","_monsterinsights_sitenote_category":0,"footnotes":""},"class_list":["post-1883","page","type-page","status-publish","hentry"],"yoast_head":"<!-- This site is optimized with the Yoast SEO plugin v27.0 - https:\/\/yoast.com\/product\/yoast-seo-wordpress\/ -->\n<title>Conv\u00eanios - SINTRAMEM<\/title>\n<meta name=\"robots\" content=\"index, follow, max-snippet:-1, max-image-preview:large, max-video-preview:-1\" \/>\n<link rel=\"canonical\" href=\"https:\/\/sintramem-sv.org.br\/sintramem\/convenios\/academia\/\" \/>\n<meta property=\"og:locale\" content=\"pt_BR\" \/>\n<meta property=\"og:type\" content=\"article\" \/>\n<meta property=\"og:title\" content=\"Conv\u00eanios - SINTRAMEM\" \/>\n<meta property=\"og:description\" content=\"Ao tornar-se associado, voc\u00ea conta com servi\u00e7os, benef\u00edcios e vantagens especiais que contribuem para a sua qualidade de vida e facilitam seu dia a dia. Conhe\u00e7a nossos conv\u00eanios oferecidos aos associados:\" \/>\n<meta property=\"og:url\" content=\"https:\/\/sintramem-sv.org.br\/sintramem\/convenios\/academia\/\" \/>\n<meta property=\"og:site_name\" content=\"SINTRAMEM\" \/>\n<meta property=\"article:modified_time\" content=\"2026-02-25T18:08:10+00:00\" \/>\n<meta property=\"og:image\" content=\"https:\/\/sintramem-sv.org.br\/sintramem\/wp-content\/uploads\/2024\/08\/1.png\" \/>\n\t<meta property=\"og:image:width\" content=\"1414\" \/>\n\t<meta property=\"og:image:height\" content=\"2000\" \/>\n\t<meta property=\"og:image:type\" content=\"image\/png\" \/>\n<meta name=\"twitter:card\" content=\"summary_large_image\" \/>\n<meta name=\"twitter:label1\" content=\"Est. tempo de leitura\" \/>\n\t<meta name=\"twitter:data1\" content=\"1 minuto\" \/>\n<script type=\"application\/ld+json\" class=\"yoast-schema-graph\">{\"@context\":\"https:\/\/schema.org\",\"@graph\":[{\"@type\":\"WebPage\",\"@id\":\"https:\/\/sintramem-sv.org.br\/sintramem\/convenios\/academia\/\",\"url\":\"https:\/\/sintramem-sv.org.br\/sintramem\/convenios\/academia\/\",\"name\":\"Conv\u00eanios - SINTRAMEM\",\"isPartOf\":{\"@id\":\"https:\/\/sintramem-sv.org.br\/sintramem\/#website\"},\"primaryImageOfPage\":{\"@id\":\"https:\/\/sintramem-sv.org.br\/sintramem\/convenios\/academia\/#primaryimage\"},\"image\":{\"@id\":\"https:\/\/sintramem-sv.org.br\/sintramem\/convenios\/academia\/#primaryimage\"},\"thumbnailUrl\":\"https:\/\/sintramem-sv.org.br\/sintramem\/wp-content\/uploads\/2024\/08\/1.png\",\"datePublished\":\"2017-06-07T18:17:39+00:00\",\"dateModified\":\"2026-02-25T18:08:10+00:00\",\"breadcrumb\":{\"@id\":\"https:\/\/sintramem-sv.org.br\/sintramem\/convenios\/academia\/#breadcrumb\"},\"inLanguage\":\"pt-BR\",\"potentialAction\":[{\"@type\":\"ReadAction\",\"target\":[\"https:\/\/sintramem-sv.org.br\/sintramem\/convenios\/academia\/\"]}]},{\"@type\":\"ImageObject\",\"inLanguage\":\"pt-BR\",\"@id\":\"https:\/\/sintramem-sv.org.br\/sintramem\/convenios\/academia\/#primaryimage\",\"url\":\"https:\/\/sintramem-sv.org.br\/sintramem\/wp-content\/uploads\/2024\/08\/1.png\",\"contentUrl\":\"https:\/\/sintramem-sv.org.br\/sintramem\/wp-content\/uploads\/2024\/08\/1.png\",\"width\":1414,\"height\":2000},{\"@type\":\"BreadcrumbList\",\"@id\":\"https:\/\/sintramem-sv.org.br\/sintramem\/convenios\/academia\/#breadcrumb\",\"itemListElement\":[{\"@type\":\"ListItem\",\"position\":1,\"name\":\"In\u00edcio\",\"item\":\"https:\/\/sintramem-sv.org.br\/sintramem\/\"},{\"@type\":\"ListItem\",\"position\":2,\"name\":\"SERVI\u00c7OS &#038; CONV\u00caNIOS\",\"item\":\"https:\/\/sintramem-sv.org.br\/sintramem\/convenios\/\"},{\"@type\":\"ListItem\",\"position\":3,\"name\":\"Conv\u00eanios\"}]},{\"@type\":\"WebSite\",\"@id\":\"https:\/\/sintramem-sv.org.br\/sintramem\/#website\",\"url\":\"https:\/\/sintramem-sv.org.br\/sintramem\/\",\"name\":\"SINTRAMEM\",\"description\":\"Sindicato dos Trabalhadores no Magist\u00e9rio e na Educa\u00e7\u00e3o de S\u00e3o Vicente\",\"publisher\":{\"@id\":\"https:\/\/sintramem-sv.org.br\/sintramem\/#organization\"},\"potentialAction\":[{\"@type\":\"SearchAction\",\"target\":{\"@type\":\"EntryPoint\",\"urlTemplate\":\"https:\/\/sintramem-sv.org.br\/sintramem\/?s={search_term_string}\"},\"query-input\":{\"@type\":\"PropertyValueSpecification\",\"valueRequired\":true,\"valueName\":\"search_term_string\"}}],\"inLanguage\":\"pt-BR\"},{\"@type\":\"Organization\",\"@id\":\"https:\/\/sintramem-sv.org.br\/sintramem\/#organization\",\"name\":\"SINTRAMEM\",\"url\":\"https:\/\/sintramem-sv.org.br\/sintramem\/\",\"logo\":{\"@type\":\"ImageObject\",\"inLanguage\":\"pt-BR\",\"@id\":\"https:\/\/sintramem-sv.org.br\/sintramem\/#\/schema\/logo\/image\/\",\"url\":\"https:\/\/sintramem-sv.org.br\/sintramem\/wp-content\/uploads\/2017\/02\/SINTRAMEM-LOGO-OFICIAL-300x100-jpg.jpg\",\"contentUrl\":\"https:\/\/sintramem-sv.org.br\/sintramem\/wp-content\/uploads\/2017\/02\/SINTRAMEM-LOGO-OFICIAL-300x100-jpg.jpg\",\"width\":150,\"height\":150,\"caption\":\"SINTRAMEM\"},\"image\":{\"@id\":\"https:\/\/sintramem-sv.org.br\/sintramem\/#\/schema\/logo\/image\/\"}}]}<\/script>\n<!-- \/ Yoast SEO plugin. -->","yoast_head_json":{"title":"Conv\u00eanios - SINTRAMEM","robots":{"index":"index","follow":"follow","max-snippet":"max-snippet:-1","max-image-preview":"max-image-preview:large","max-video-preview":"max-video-preview:-1"},"canonical":"https:\/\/sintramem-sv.org.br\/sintramem\/convenios\/academia\/","og_locale":"pt_BR","og_type":"article","og_title":"Conv\u00eanios - SINTRAMEM","og_description":"Ao tornar-se associado, voc\u00ea conta com servi\u00e7os, benef\u00edcios e vantagens especiais que contribuem para a sua qualidade de vida e facilitam seu dia a dia. Conhe\u00e7a nossos conv\u00eanios oferecidos aos associados:","og_url":"https:\/\/sintramem-sv.org.br\/sintramem\/convenios\/academia\/","og_site_name":"SINTRAMEM","article_modified_time":"2026-02-25T18:08:10+00:00","og_image":[{"width":1414,"height":2000,"url":"https:\/\/sintramem-sv.org.br\/sintramem\/wp-content\/uploads\/2024\/08\/1.png","type":"image\/png"}],"twitter_card":"summary_large_image","twitter_misc":{"Est. tempo de leitura":"1 minuto"},"schema":{"@context":"https:\/\/schema.org","@graph":[{"@type":"WebPage","@id":"https:\/\/sintramem-sv.org.br\/sintramem\/convenios\/academia\/","url":"https:\/\/sintramem-sv.org.br\/sintramem\/convenios\/academia\/","name":"Conv\u00eanios - SINTRAMEM","isPartOf":{"@id":"https:\/\/sintramem-sv.org.br\/sintramem\/#website"},"primaryImageOfPage":{"@id":"https:\/\/sintramem-sv.org.br\/sintramem\/convenios\/academia\/#primaryimage"},"image":{"@id":"https:\/\/sintramem-sv.org.br\/sintramem\/convenios\/academia\/#primaryimage"},"thumbnailUrl":"https:\/\/sintramem-sv.org.br\/sintramem\/wp-content\/uploads\/2024\/08\/1.png","datePublished":"2017-06-07T18:17:39+00:00","dateModified":"2026-02-25T18:08:10+00:00","breadcrumb":{"@id":"https:\/\/sintramem-sv.org.br\/sintramem\/convenios\/academia\/#breadcrumb"},"inLanguage":"pt-BR","potentialAction":[{"@type":"ReadAction","target":["https:\/\/sintramem-sv.org.br\/sintramem\/convenios\/academia\/"]}]},{"@type":"ImageObject","inLanguage":"pt-BR","@id":"https:\/\/sintramem-sv.org.br\/sintramem\/convenios\/academia\/#primaryimage","url":"https:\/\/sintramem-sv.org.br\/sintramem\/wp-content\/uploads\/2024\/08\/1.png","contentUrl":"https:\/\/sintramem-sv.org.br\/sintramem\/wp-content\/uploads\/2024\/08\/1.png","width":1414,"height":2000},{"@type":"BreadcrumbList","@id":"https:\/\/sintramem-sv.org.br\/sintramem\/convenios\/academia\/#breadcrumb","itemListElement":[{"@type":"ListItem","position":1,"name":"In\u00edcio","item":"https:\/\/sintramem-sv.org.br\/sintramem\/"},{"@type":"ListItem","position":2,"name":"SERVI\u00c7OS &#038; CONV\u00caNIOS","item":"https:\/\/sintramem-sv.org.br\/sintramem\/convenios\/"},{"@type":"ListItem","position":3,"name":"Conv\u00eanios"}]},{"@type":"WebSite","@id":"https:\/\/sintramem-sv.org.br\/sintramem\/#website","url":"https:\/\/sintramem-sv.org.br\/sintramem\/","name":"SINTRAMEM","description":"Sindicato dos Trabalhadores no Magist\u00e9rio e na Educa\u00e7\u00e3o de S\u00e3o Vicente","publisher":{"@id":"https:\/\/sintramem-sv.org.br\/sintramem\/#organization"},"potentialAction":[{"@type":"SearchAction","target":{"@type":"EntryPoint","urlTemplate":"https:\/\/sintramem-sv.org.br\/sintramem\/?s={search_term_string}"},"query-input":{"@type":"PropertyValueSpecification","valueRequired":true,"valueName":"search_term_string"}}],"inLanguage":"pt-BR"},{"@type":"Organization","@id":"https:\/\/sintramem-sv.org.br\/sintramem\/#organization","name":"SINTRAMEM","url":"https:\/\/sintramem-sv.org.br\/sintramem\/","logo":{"@type":"ImageObject","inLanguage":"pt-BR","@id":"https:\/\/sintramem-sv.org.br\/sintramem\/#\/schema\/logo\/image\/","url":"https:\/\/sintramem-sv.org.br\/sintramem\/wp-content\/uploads\/2017\/02\/SINTRAMEM-LOGO-OFICIAL-300x100-jpg.jpg","contentUrl":"https:\/\/sintramem-sv.org.br\/sintramem\/wp-content\/uploads\/2017\/02\/SINTRAMEM-LOGO-OFICIAL-300x100-jpg.jpg","width":150,"height":150,"caption":"SINTRAMEM"},"image":{"@id":"https:\/\/sintramem-sv.org.br\/sintramem\/#\/schema\/logo\/image\/"}}]}},"_links":{"self":[{"href":"https:\/\/sintramem-sv.org.br\/sintramem\/wp-json\/wp\/v2\/pages\/1883","targetHints":{"allow":["GET"]}}],"collection":[{"href":"https:\/\/sintramem-sv.org.br\/sintramem\/wp-json\/wp\/v2\/pages"}],"about":[{"href":"https:\/\/sintramem-sv.org.br\/sintramem\/wp-json\/wp\/v2\/types\/page"}],"author":[{"embeddable":true,"href":"https:\/\/sintramem-sv.org.br\/sintramem\/wp-json\/wp\/v2\/users\/1"}],"replies":[{"embeddable":true,"href":"https:\/\/sintramem-sv.org.br\/sintramem\/wp-json\/wp\/v2\/comments?post=1883"}],"version-history":[{"count":22,"href":"https:\/\/sintramem-sv.org.br\/sintramem\/wp-json\/wp\/v2\/pages\/1883\/revisions"}],"predecessor-version":[{"id":9529,"href":"https:\/\/sintramem-sv.org.br\/sintramem\/wp-json\/wp\/v2\/pages\/1883\/revisions\/9529"}],"up":[{"embeddable":true,"href":"https:\/\/sintramem-sv.org.br\/sintramem\/wp-json\/wp\/v2\/pages\/91"}],"wp:attachment":[{"href":"https:\/\/sintramem-sv.org.br\/sintramem\/wp-json\/wp\/v2\/media?parent=1883"}],"curies":[{"name":"wp","href":"https:\/\/api.w.org\/{rel}","templated":true}]}}