{"id":1856,"date":"2017-06-07T15:37:24","date_gmt":"2017-06-07T15:37:24","guid":{"rendered":"http:\/\/sintramem-sv.org.br\/sintramem\/?page_id=1856"},"modified":"2026-04-22T21:58:26","modified_gmt":"2026-04-22T21:58:26","slug":"geral","status":"publish","type":"page","link":"https:\/\/sintramem-sv.org.br\/sintramem\/convenios\/geral\/","title":{"rendered":"Servi\u00e7os"},"content":{"rendered":"\r\n<h6 style=\"text-align: left;\"><span style=\"color: #000000;\">Ao tornar-se associado, voc\u00ea conta com servi\u00e7os, benef\u00edcios e vantagens especiais que contribuem para a sua qualidade de vida e facilitam seu dia a dia.<\/span><\/h6>\r\n<h2 style=\"text-align: center;\"><span style=\"color: #ff0000;\"><strong>Conhe\u00e7a nossos servi\u00e7os oferecidos aos associados:<\/strong><\/span><\/h2>\r\n<h2 style=\"text-align: center;\"><img loading=\"lazy\" decoding=\"async\" class=\"aligncenter size-full wp-image-9939\" src=\"https:\/\/sintramem-sv.org.br\/sintramem\/wp-content\/uploads\/2026\/04\/Card-Servicos-SINTRAMEM_01.png\" alt=\"\" width=\"1080\" height=\"1350\" srcset=\"https:\/\/sintramem-sv.org.br\/sintramem\/wp-content\/uploads\/2026\/04\/Card-Servicos-SINTRAMEM_01.png 1080w, https:\/\/sintramem-sv.org.br\/sintramem\/wp-content\/uploads\/2026\/04\/Card-Servicos-SINTRAMEM_01-240x300.png 240w, https:\/\/sintramem-sv.org.br\/sintramem\/wp-content\/uploads\/2026\/04\/Card-Servicos-SINTRAMEM_01-819x1024.png 819w, https:\/\/sintramem-sv.org.br\/sintramem\/wp-content\/uploads\/2026\/04\/Card-Servicos-SINTRAMEM_01-768x960.png 768w\" sizes=\"auto, (max-width: 1080px) 100vw, 1080px\" \/><\/h2>\r\n<h2 style=\"text-align: center;\"><img loading=\"lazy\" decoding=\"async\" class=\"aligncenter size-full wp-image-9940\" src=\"https:\/\/sintramem-sv.org.br\/sintramem\/wp-content\/uploads\/2026\/04\/Card-Servicos-SINTRAMEM_02.png\" alt=\"\" width=\"1080\" height=\"1350\" srcset=\"https:\/\/sintramem-sv.org.br\/sintramem\/wp-content\/uploads\/2026\/04\/Card-Servicos-SINTRAMEM_02.png 1080w, https:\/\/sintramem-sv.org.br\/sintramem\/wp-content\/uploads\/2026\/04\/Card-Servicos-SINTRAMEM_02-240x300.png 240w, https:\/\/sintramem-sv.org.br\/sintramem\/wp-content\/uploads\/2026\/04\/Card-Servicos-SINTRAMEM_02-819x1024.png 819w, https:\/\/sintramem-sv.org.br\/sintramem\/wp-content\/uploads\/2026\/04\/Card-Servicos-SINTRAMEM_02-768x960.png 768w\" sizes=\"auto, (max-width: 1080px) 100vw, 1080px\" \/><\/h2>\r\n<p>&nbsp;<\/p>\r\n","protected":false},"excerpt":{"rendered":"<p>Ao tornar-se associado, voc\u00ea conta com servi\u00e7os, benef\u00edcios e vantagens especiais que contribuem para a sua qualidade de vida e facilitam seu dia a dia. Conhe\u00e7a nossos servi\u00e7os oferecidos aos associados: &nbsp;<\/p>\n","protected":false},"author":1,"featured_media":0,"parent":91,"menu_order":0,"comment_status":"closed","ping_status":"closed","template":"","meta":{"_monsterinsights_skip_tracking":false,"_monsterinsights_sitenote_active":false,"_monsterinsights_sitenote_note":"","_monsterinsights_sitenote_category":0,"footnotes":""},"class_list":["post-1856","page","type-page","status-publish","hentry"],"yoast_head":"<!-- This site is optimized with the Yoast SEO plugin v27.0 - https:\/\/yoast.com\/product\/yoast-seo-wordpress\/ -->\n<title>Conhe\u00e7a os servi\u00e7os oferecidos aos associados pelo SINTRAMEM<\/title>\n<meta name=\"description\" content=\"Saiba mais sobre os servi\u00e7os dispon\u00edveis para voc\u00ea, associado. Temos solu\u00e7\u00f5es que garantem qualidade de vida para toda fam\u00edlia!\" \/>\n<meta name=\"robots\" content=\"index, follow, max-snippet:-1, max-image-preview:large, max-video-preview:-1\" \/>\n<link rel=\"canonical\" href=\"https:\/\/sintramem-sv.org.br\/sintramem\/convenios\/geral\/\" \/>\n<meta property=\"og:locale\" content=\"pt_BR\" \/>\n<meta property=\"og:type\" content=\"article\" \/>\n<meta property=\"og:title\" content=\"Conhe\u00e7a os servi\u00e7os oferecidos aos associados pelo SINTRAMEM\" \/>\n<meta property=\"og:description\" content=\"Saiba mais sobre os servi\u00e7os dispon\u00edveis para voc\u00ea, associado. Temos solu\u00e7\u00f5es que garantem qualidade de vida para toda fam\u00edlia!\" \/>\n<meta property=\"og:url\" content=\"https:\/\/sintramem-sv.org.br\/sintramem\/convenios\/geral\/\" \/>\n<meta property=\"og:site_name\" content=\"SINTRAMEM\" \/>\n<meta property=\"article:modified_time\" content=\"2026-04-22T21:58:26+00:00\" \/>\n<meta property=\"og:image\" content=\"https:\/\/sintramem-sv.org.br\/sintramem\/wp-content\/uploads\/2026\/04\/yuio.webp\" \/>\n\t<meta property=\"og:image:width\" content=\"600\" \/>\n\t<meta property=\"og:image:height\" content=\"750\" \/>\n\t<meta property=\"og:image:type\" content=\"image\/webp\" \/>\n<meta name=\"twitter:card\" content=\"summary_large_image\" \/>\n<meta name=\"twitter:label1\" content=\"Est. tempo de leitura\" \/>\n\t<meta name=\"twitter:data1\" content=\"1 minuto\" \/>\n<script type=\"application\/ld+json\" class=\"yoast-schema-graph\">{\"@context\":\"https:\/\/schema.org\",\"@graph\":[{\"@type\":\"WebPage\",\"@id\":\"https:\/\/sintramem-sv.org.br\/sintramem\/convenios\/geral\/\",\"url\":\"https:\/\/sintramem-sv.org.br\/sintramem\/convenios\/geral\/\",\"name\":\"Conhe\u00e7a os servi\u00e7os oferecidos aos associados pelo SINTRAMEM\",\"isPartOf\":{\"@id\":\"https:\/\/sintramem-sv.org.br\/sintramem\/#website\"},\"primaryImageOfPage\":{\"@id\":\"https:\/\/sintramem-sv.org.br\/sintramem\/convenios\/geral\/#primaryimage\"},\"image\":{\"@id\":\"https:\/\/sintramem-sv.org.br\/sintramem\/convenios\/geral\/#primaryimage\"},\"thumbnailUrl\":\"https:\/\/sintramem-sv.org.br\/sintramem\/wp-content\/uploads\/2026\/04\/Card-Servicos-SINTRAMEM_01.png\",\"datePublished\":\"2017-06-07T15:37:24+00:00\",\"dateModified\":\"2026-04-22T21:58:26+00:00\",\"description\":\"Saiba mais sobre os servi\u00e7os dispon\u00edveis para voc\u00ea, associado. Temos solu\u00e7\u00f5es que garantem qualidade de vida para toda fam\u00edlia!\",\"breadcrumb\":{\"@id\":\"https:\/\/sintramem-sv.org.br\/sintramem\/convenios\/geral\/#breadcrumb\"},\"inLanguage\":\"pt-BR\",\"potentialAction\":[{\"@type\":\"ReadAction\",\"target\":[\"https:\/\/sintramem-sv.org.br\/sintramem\/convenios\/geral\/\"]}]},{\"@type\":\"ImageObject\",\"inLanguage\":\"pt-BR\",\"@id\":\"https:\/\/sintramem-sv.org.br\/sintramem\/convenios\/geral\/#primaryimage\",\"url\":\"https:\/\/sintramem-sv.org.br\/sintramem\/wp-content\/uploads\/2026\/04\/Card-Servicos-SINTRAMEM_01.png\",\"contentUrl\":\"https:\/\/sintramem-sv.org.br\/sintramem\/wp-content\/uploads\/2026\/04\/Card-Servicos-SINTRAMEM_01.png\",\"width\":1080,\"height\":1350},{\"@type\":\"BreadcrumbList\",\"@id\":\"https:\/\/sintramem-sv.org.br\/sintramem\/convenios\/geral\/#breadcrumb\",\"itemListElement\":[{\"@type\":\"ListItem\",\"position\":1,\"name\":\"In\u00edcio\",\"item\":\"https:\/\/sintramem-sv.org.br\/sintramem\/\"},{\"@type\":\"ListItem\",\"position\":2,\"name\":\"SERVI\u00c7OS &#038; CONV\u00caNIOS\",\"item\":\"https:\/\/sintramem-sv.org.br\/sintramem\/convenios\/\"},{\"@type\":\"ListItem\",\"position\":3,\"name\":\"Servi\u00e7os\"}]},{\"@type\":\"WebSite\",\"@id\":\"https:\/\/sintramem-sv.org.br\/sintramem\/#website\",\"url\":\"https:\/\/sintramem-sv.org.br\/sintramem\/\",\"name\":\"SINTRAMEM\",\"description\":\"Sindicato dos Trabalhadores no Magist\u00e9rio e na Educa\u00e7\u00e3o de S\u00e3o Vicente\",\"publisher\":{\"@id\":\"https:\/\/sintramem-sv.org.br\/sintramem\/#organization\"},\"potentialAction\":[{\"@type\":\"SearchAction\",\"target\":{\"@type\":\"EntryPoint\",\"urlTemplate\":\"https:\/\/sintramem-sv.org.br\/sintramem\/?s={search_term_string}\"},\"query-input\":{\"@type\":\"PropertyValueSpecification\",\"valueRequired\":true,\"valueName\":\"search_term_string\"}}],\"inLanguage\":\"pt-BR\"},{\"@type\":\"Organization\",\"@id\":\"https:\/\/sintramem-sv.org.br\/sintramem\/#organization\",\"name\":\"SINTRAMEM\",\"url\":\"https:\/\/sintramem-sv.org.br\/sintramem\/\",\"logo\":{\"@type\":\"ImageObject\",\"inLanguage\":\"pt-BR\",\"@id\":\"https:\/\/sintramem-sv.org.br\/sintramem\/#\/schema\/logo\/image\/\",\"url\":\"https:\/\/sintramem-sv.org.br\/sintramem\/wp-content\/uploads\/2017\/02\/SINTRAMEM-LOGO-OFICIAL-300x100-jpg.jpg\",\"contentUrl\":\"https:\/\/sintramem-sv.org.br\/sintramem\/wp-content\/uploads\/2017\/02\/SINTRAMEM-LOGO-OFICIAL-300x100-jpg.jpg\",\"width\":150,\"height\":150,\"caption\":\"SINTRAMEM\"},\"image\":{\"@id\":\"https:\/\/sintramem-sv.org.br\/sintramem\/#\/schema\/logo\/image\/\"}}]}<\/script>\n<!-- \/ Yoast SEO plugin. -->","yoast_head_json":{"title":"Conhe\u00e7a os servi\u00e7os oferecidos aos associados pelo SINTRAMEM","description":"Saiba mais sobre os servi\u00e7os dispon\u00edveis para voc\u00ea, associado. Temos solu\u00e7\u00f5es que garantem qualidade de vida para toda fam\u00edlia!","robots":{"index":"index","follow":"follow","max-snippet":"max-snippet:-1","max-image-preview":"max-image-preview:large","max-video-preview":"max-video-preview:-1"},"canonical":"https:\/\/sintramem-sv.org.br\/sintramem\/convenios\/geral\/","og_locale":"pt_BR","og_type":"article","og_title":"Conhe\u00e7a os servi\u00e7os oferecidos aos associados pelo SINTRAMEM","og_description":"Saiba mais sobre os servi\u00e7os dispon\u00edveis para voc\u00ea, associado. Temos solu\u00e7\u00f5es que garantem qualidade de vida para toda fam\u00edlia!","og_url":"https:\/\/sintramem-sv.org.br\/sintramem\/convenios\/geral\/","og_site_name":"SINTRAMEM","article_modified_time":"2026-04-22T21:58:26+00:00","og_image":[{"width":600,"height":750,"url":"https:\/\/sintramem-sv.org.br\/sintramem\/wp-content\/uploads\/2026\/04\/yuio.webp","type":"image\/webp"}],"twitter_card":"summary_large_image","twitter_misc":{"Est. tempo de leitura":"1 minuto"},"schema":{"@context":"https:\/\/schema.org","@graph":[{"@type":"WebPage","@id":"https:\/\/sintramem-sv.org.br\/sintramem\/convenios\/geral\/","url":"https:\/\/sintramem-sv.org.br\/sintramem\/convenios\/geral\/","name":"Conhe\u00e7a os servi\u00e7os oferecidos aos associados pelo SINTRAMEM","isPartOf":{"@id":"https:\/\/sintramem-sv.org.br\/sintramem\/#website"},"primaryImageOfPage":{"@id":"https:\/\/sintramem-sv.org.br\/sintramem\/convenios\/geral\/#primaryimage"},"image":{"@id":"https:\/\/sintramem-sv.org.br\/sintramem\/convenios\/geral\/#primaryimage"},"thumbnailUrl":"https:\/\/sintramem-sv.org.br\/sintramem\/wp-content\/uploads\/2026\/04\/Card-Servicos-SINTRAMEM_01.png","datePublished":"2017-06-07T15:37:24+00:00","dateModified":"2026-04-22T21:58:26+00:00","description":"Saiba mais sobre os servi\u00e7os dispon\u00edveis para voc\u00ea, associado. Temos solu\u00e7\u00f5es que garantem qualidade de vida para toda fam\u00edlia!","breadcrumb":{"@id":"https:\/\/sintramem-sv.org.br\/sintramem\/convenios\/geral\/#breadcrumb"},"inLanguage":"pt-BR","potentialAction":[{"@type":"ReadAction","target":["https:\/\/sintramem-sv.org.br\/sintramem\/convenios\/geral\/"]}]},{"@type":"ImageObject","inLanguage":"pt-BR","@id":"https:\/\/sintramem-sv.org.br\/sintramem\/convenios\/geral\/#primaryimage","url":"https:\/\/sintramem-sv.org.br\/sintramem\/wp-content\/uploads\/2026\/04\/Card-Servicos-SINTRAMEM_01.png","contentUrl":"https:\/\/sintramem-sv.org.br\/sintramem\/wp-content\/uploads\/2026\/04\/Card-Servicos-SINTRAMEM_01.png","width":1080,"height":1350},{"@type":"BreadcrumbList","@id":"https:\/\/sintramem-sv.org.br\/sintramem\/convenios\/geral\/#breadcrumb","itemListElement":[{"@type":"ListItem","position":1,"name":"In\u00edcio","item":"https:\/\/sintramem-sv.org.br\/sintramem\/"},{"@type":"ListItem","position":2,"name":"SERVI\u00c7OS &#038; CONV\u00caNIOS","item":"https:\/\/sintramem-sv.org.br\/sintramem\/convenios\/"},{"@type":"ListItem","position":3,"name":"Servi\u00e7os"}]},{"@type":"WebSite","@id":"https:\/\/sintramem-sv.org.br\/sintramem\/#website","url":"https:\/\/sintramem-sv.org.br\/sintramem\/","name":"SINTRAMEM","description":"Sindicato dos Trabalhadores no Magist\u00e9rio e na Educa\u00e7\u00e3o de S\u00e3o Vicente","publisher":{"@id":"https:\/\/sintramem-sv.org.br\/sintramem\/#organization"},"potentialAction":[{"@type":"SearchAction","target":{"@type":"EntryPoint","urlTemplate":"https:\/\/sintramem-sv.org.br\/sintramem\/?s={search_term_string}"},"query-input":{"@type":"PropertyValueSpecification","valueRequired":true,"valueName":"search_term_string"}}],"inLanguage":"pt-BR"},{"@type":"Organization","@id":"https:\/\/sintramem-sv.org.br\/sintramem\/#organization","name":"SINTRAMEM","url":"https:\/\/sintramem-sv.org.br\/sintramem\/","logo":{"@type":"ImageObject","inLanguage":"pt-BR","@id":"https:\/\/sintramem-sv.org.br\/sintramem\/#\/schema\/logo\/image\/","url":"https:\/\/sintramem-sv.org.br\/sintramem\/wp-content\/uploads\/2017\/02\/SINTRAMEM-LOGO-OFICIAL-300x100-jpg.jpg","contentUrl":"https:\/\/sintramem-sv.org.br\/sintramem\/wp-content\/uploads\/2017\/02\/SINTRAMEM-LOGO-OFICIAL-300x100-jpg.jpg","width":150,"height":150,"caption":"SINTRAMEM"},"image":{"@id":"https:\/\/sintramem-sv.org.br\/sintramem\/#\/schema\/logo\/image\/"}}]}},"_links":{"self":[{"href":"https:\/\/sintramem-sv.org.br\/sintramem\/wp-json\/wp\/v2\/pages\/1856","targetHints":{"allow":["GET"]}}],"collection":[{"href":"https:\/\/sintramem-sv.org.br\/sintramem\/wp-json\/wp\/v2\/pages"}],"about":[{"href":"https:\/\/sintramem-sv.org.br\/sintramem\/wp-json\/wp\/v2\/types\/page"}],"author":[{"embeddable":true,"href":"https:\/\/sintramem-sv.org.br\/sintramem\/wp-json\/wp\/v2\/users\/1"}],"replies":[{"embeddable":true,"href":"https:\/\/sintramem-sv.org.br\/sintramem\/wp-json\/wp\/v2\/comments?post=1856"}],"version-history":[{"count":115,"href":"https:\/\/sintramem-sv.org.br\/sintramem\/wp-json\/wp\/v2\/pages\/1856\/revisions"}],"predecessor-version":[{"id":9944,"href":"https:\/\/sintramem-sv.org.br\/sintramem\/wp-json\/wp\/v2\/pages\/1856\/revisions\/9944"}],"up":[{"embeddable":true,"href":"https:\/\/sintramem-sv.org.br\/sintramem\/wp-json\/wp\/v2\/pages\/91"}],"wp:attachment":[{"href":"https:\/\/sintramem-sv.org.br\/sintramem\/wp-json\/wp\/v2\/media?parent=1856"}],"curies":[{"name":"wp","href":"https:\/\/api.w.org\/{rel}","templated":true}]}}